{"id":8,"date":"2016-03-07T14:55:54","date_gmt":"2016-03-07T12:55:54","guid":{"rendered":"https:\/\/www.erkkilansuku.fi\/?page_id=8"},"modified":"2022-07-28T09:13:05","modified_gmt":"2022-07-28T06:13:05","slug":"etusivu","status":"publish","type":"page","link":"https:\/\/www.erkkilansuku.fi\/","title":{"rendered":"Etusivu"},"content":{"rendered":"<div id=\"pl-8\"  class=\"panel-layout\" ><div id=\"pg-8-0\"  class=\"panel-grid panel-no-style\" ><div id=\"pgc-8-0-0\"  class=\"panel-grid-cell\" ><div id=\"panel-8-0-0-0\" class=\"so-panel widget widget_sow-editor panel-first-child panel-last-child\" data-index=\"0\" ><div\n\t\t\t\n\t\t\tclass=\"so-widget-sow-editor so-widget-sow-editor-base\"\n\t\t\t\n\t\t><h3 class=\"widget-title\">Etusivu<\/h3>\n<div class=\"siteorigin-widget-tinymce textwidget\">\n\t<p>Erkkil\u00e4n suku Etel\u00e4-Pohjanmaalta Lapuanjokilaaksosta laskee periytyv\u00e4ns\u00e4 talollinen Jaakko Juhonpoika Erkkil\u00e4st\u00e4, joka oli syntynyt vuonna 1617 Lapualla ja h\u00e4nen em\u00e4nn\u00e4st\u00e4\u00e4n Helga Pietarintyt\u00e4r L\u00f6\u00f6p\u00e4rist\u00e4.<\/p>\n<p><a href=\"https:\/\/www.erkkilansuku.fi\/wp-content\/uploads\/2016\/03\/sukujuhla2012iso.jpg\"><img loading=\"lazy\" decoding=\"async\" class=\"alignnone size-full wp-image-75\" src=\"https:\/\/www.erkkilansuku.fi\/wp-content\/uploads\/2016\/03\/sukujuhla2012iso.jpg\" alt=\"sukujuhla2012iso\" width=\"5545\" height=\"1430\" \/><\/a><\/p>\n<p>Suku on kokoontunut ensimm\u00e4isen kerran vuonna 1937. Sukukokouksia j\u00e4rjestettiin aluksi kymmenen, nykyisin viiden vuoden v\u00e4lein.<\/p>\n<p>Viimeksi <a href=\"https:\/\/www.erkkilansuku.fi\/index.php\/sukujuhla\/\">sukujuhlat<\/a> j\u00e4rjestettiin Kauhavalla 23.7.2022.<\/p>\n<p>Suvun j\u00e4senten keskusteluryhm\u00e4 l\u00f6ytyy facebookista: <a href=\"https:\/\/www.facebook.com\/groups\/561050667380971\/\" target=\"_blank\" rel=\"noopener noreferrer\">tervetuloa!<\/a><\/p>\n<\/div>\n<\/div><\/div><\/div><\/div><\/div>","protected":false},"excerpt":{"rendered":"<p>Erkkil\u00e4n suku Etel\u00e4-Pohjanmaalta Lapuanjokilaaksosta laskee periytyv\u00e4ns\u00e4 talollinen Jaakko Juhonpoika Erkkil\u00e4st\u00e4, joka oli syntynyt vuonna 1617 Lapualla ja h\u00e4nen em\u00e4nn\u00e4st\u00e4\u00e4n Helga Pietarintyt\u00e4r L\u00f6\u00f6p\u00e4rist\u00e4. Suku on kokoontunut ensimm\u00e4isen kerran vuonna 1937. Sukukokouksia j\u00e4rjestettiin aluksi kymmenen, nykyisin viiden vuoden v\u00e4lein. Viimeksi sukujuhlat j\u00e4rjestettiin Kauhavalla 23.7.2022. Suvun j\u00e4senten keskusteluryhm\u00e4 l\u00f6ytyy facebookista: tervetuloa!<\/p>\n","protected":false},"author":1,"featured_media":0,"parent":0,"menu_order":0,"comment_status":"closed","ping_status":"closed","template":"","meta":{"footnotes":""},"class_list":["post-8","page","type-page","status-publish","hentry"],"_links":{"self":[{"href":"https:\/\/www.erkkilansuku.fi\/index.php\/wp-json\/wp\/v2\/pages\/8","targetHints":{"allow":["GET"]}}],"collection":[{"href":"https:\/\/www.erkkilansuku.fi\/index.php\/wp-json\/wp\/v2\/pages"}],"about":[{"href":"https:\/\/www.erkkilansuku.fi\/index.php\/wp-json\/wp\/v2\/types\/page"}],"author":[{"embeddable":true,"href":"https:\/\/www.erkkilansuku.fi\/index.php\/wp-json\/wp\/v2\/users\/1"}],"replies":[{"embeddable":true,"href":"https:\/\/www.erkkilansuku.fi\/index.php\/wp-json\/wp\/v2\/comments?post=8"}],"version-history":[{"count":22,"href":"https:\/\/www.erkkilansuku.fi\/index.php\/wp-json\/wp\/v2\/pages\/8\/revisions"}],"predecessor-version":[{"id":596,"href":"https:\/\/www.erkkilansuku.fi\/index.php\/wp-json\/wp\/v2\/pages\/8\/revisions\/596"}],"wp:attachment":[{"href":"https:\/\/www.erkkilansuku.fi\/index.php\/wp-json\/wp\/v2\/media?parent=8"}],"curies":[{"name":"wp","href":"https:\/\/api.w.org\/{rel}","templated":true}]}}