{"id":69,"date":"2016-03-10T11:31:02","date_gmt":"2016-03-10T09:31:02","guid":{"rendered":"https:\/\/www.erkkilansuku.fi\/?page_id=69"},"modified":"2016-03-29T11:18:22","modified_gmt":"2016-03-29T08:18:22","slug":"kuulutko_sukuun","status":"publish","type":"page","link":"https:\/\/www.erkkilansuku.fi\/index.php\/kuulutko_sukuun\/","title":{"rendered":"Kuulutko sukuun?"},"content":{"rendered":"<div id=\"pl-69\"  class=\"panel-layout\" ><div id=\"pg-69-0\"  class=\"panel-grid panel-no-style\" ><div id=\"pgc-69-0-0\"  class=\"panel-grid-cell\" ><div id=\"panel-69-0-0-0\" class=\"so-panel widget widget_sow-editor panel-first-child panel-last-child\" data-index=\"0\" ><div\n\t\t\t\n\t\t\tclass=\"so-widget-sow-editor so-widget-sow-editor-base\"\n\t\t\t\n\t\t><h3 class=\"widget-title\">Kuulutko sukuun?<\/h3>\n<div class=\"siteorigin-widget-tinymce textwidget\">\n\t<p><strong>Kuulutko Erkkil\u00e4n sukuun?<\/strong><\/p>\n<p>Voit katsoa, l\u00f6ytyyk\u00f6 oheisesta <a href=\"https:\/\/www.erkkilansuku.fi\/wp-content\/uploads\/2016\/03\/henkilohakemisto.pdf\" target=\"_blank\">henkil\u00f6hakemistosta<\/a> esivanhempiasi ja ottaa tarvittaessa yhteytt\u00e4 sihteeriin, puheenjohtajaan tai sukutietokannan yll\u00e4pit\u00e4j\u00e4\u00e4n. Heid\u00e4n yhteystiedot l\u00f6ytyv\u00e4t <a href=\"https:\/\/www.erkkilansuku.fi\/index.php\/hallitus\/\">t\u00e4st\u00e4.<\/a><\/p>\n<p><a href=\"https:\/\/www.erkkilansuku.fi\/wp-content\/uploads\/2016\/03\/henkilohakemisto.pdf\" target=\"_blank\">Henkil\u00f6hakemistosta<\/a> l\u00f6ytyv\u00e4t sukurekisteriss\u00e4 olevat henkil\u00f6t, jotka ovat syntyneet vuonna 1914 ja sit\u00e4 ennen. Tietosuojasyist\u00e4 emme voi julkaista netiss\u00e4 alle 100 vuotta sitten syntyneiden tietoja. Uudempia tietoja l\u00f6ytyy <a href=\"https:\/\/www.erkkilansuku.fi\/index.php\/sukukirja\/\">sukukirjasta.<\/a><\/p>\n<p>Kukin henkil\u00f6 on hakemistossa ensimm\u00e4isell\u00e4 sukunimell\u00e4\u00e4n, siis tytt\u00f6nimell\u00e4. Henkil\u00f6hakemistossa on my\u00f6s puolisoiden vanhempia - tosin varhaisemmilta ajoilta aika v\u00e4h\u00e4n. Nimen per\u00e4ss\u00e4 on syntym\u00e4aika ja aivan turha numero, jota emme vain onnistuneet poistamaan. J\u00e4t\u00e4 se huomiotta.<\/p>\n<p><a href=\"https:\/\/www.erkkilansuku.fi\/wp-content\/uploads\/2016\/03\/henkilohakemisto.pdf\" target=\"_blank\">T\u00e4st\u00e4<\/a> voit ladata henkil\u00f6hakemiston pdf-muodossa.<\/p>\n<p>Erkkil\u00e4n suvun alkup\u00e4\u00e4n <a href=\"https:\/\/www.erkkilansuku.fi\/index.php\/sukutauluja\/\">sukutauluja.<\/a><\/p>\n<\/div>\n<\/div><\/div><\/div><\/div><\/div>","protected":false},"excerpt":{"rendered":"<p>Kuulutko Erkkil\u00e4n sukuun?Voit katsoa, l\u00f6ytyyk\u00f6 oheisesta henkil\u00f6hakemistosta esivanhempiasi ja ottaa tarvittaessa yhteytt\u00e4 sihteeriin, puheenjohtajaan tai sukutietokannan yll\u00e4pit\u00e4j\u00e4\u00e4n. Heid\u00e4n yhteystiedot l\u00f6ytyv\u00e4t t\u00e4st\u00e4.Henkil\u00f6hakemistosta l\u00f6ytyv\u00e4t sukurekisteriss\u00e4 olevat henkil\u00f6t, jotka ovat syntyneet vuonna 1914 ja sit\u00e4 ennen. Tietosuojasyist\u00e4 emme voi julkaista netiss\u00e4 alle 100 vuotta sitten syntyneiden tietoja. Uudempia tietoja l\u00f6ytyy sukukirjasta.Kukin henkil\u00f6 on hakemistossa ensimm\u00e4isell\u00e4 sukunimell\u00e4\u00e4n, siis tytt\u00f6nimell\u00e4. [&hellip;]<\/p>\n","protected":false},"author":1,"featured_media":0,"parent":0,"menu_order":0,"comment_status":"closed","ping_status":"closed","template":"","meta":{"footnotes":""},"class_list":["post-69","page","type-page","status-publish","hentry"],"_links":{"self":[{"href":"https:\/\/www.erkkilansuku.fi\/index.php\/wp-json\/wp\/v2\/pages\/69","targetHints":{"allow":["GET"]}}],"collection":[{"href":"https:\/\/www.erkkilansuku.fi\/index.php\/wp-json\/wp\/v2\/pages"}],"about":[{"href":"https:\/\/www.erkkilansuku.fi\/index.php\/wp-json\/wp\/v2\/types\/page"}],"author":[{"embeddable":true,"href":"https:\/\/www.erkkilansuku.fi\/index.php\/wp-json\/wp\/v2\/users\/1"}],"replies":[{"embeddable":true,"href":"https:\/\/www.erkkilansuku.fi\/index.php\/wp-json\/wp\/v2\/comments?post=69"}],"version-history":[{"count":6,"href":"https:\/\/www.erkkilansuku.fi\/index.php\/wp-json\/wp\/v2\/pages\/69\/revisions"}],"predecessor-version":[{"id":164,"href":"https:\/\/www.erkkilansuku.fi\/index.php\/wp-json\/wp\/v2\/pages\/69\/revisions\/164"}],"wp:attachment":[{"href":"https:\/\/www.erkkilansuku.fi\/index.php\/wp-json\/wp\/v2\/media?parent=69"}],"curies":[{"name":"wp","href":"https:\/\/api.w.org\/{rel}","templated":true}]}}