{"id":66,"date":"2016-03-10T11:30:38","date_gmt":"2016-03-10T09:30:38","guid":{"rendered":"https:\/\/www.erkkilansuku.fi\/?page_id=66"},"modified":"2023-05-02T21:52:11","modified_gmt":"2023-05-02T18:52:11","slug":"tuotteet","status":"publish","type":"page","link":"https:\/\/www.erkkilansuku.fi\/index.php\/tuotteet\/","title":{"rendered":"Tuotteet"},"content":{"rendered":"<div id=\"pl-66\"  class=\"panel-layout\" ><div id=\"pg-66-0\"  class=\"panel-grid panel-no-style\" ><div id=\"pgc-66-0-0\"  class=\"panel-grid-cell\" ><div id=\"panel-66-0-0-0\" class=\"so-panel widget widget_sow-editor panel-first-child panel-last-child\" data-index=\"0\" ><div\n\t\t\t\n\t\t\tclass=\"so-widget-sow-editor so-widget-sow-editor-base\"\n\t\t\t\n\t\t><h3 class=\"widget-title\">Tuotteet<\/h3>\n<div class=\"siteorigin-widget-tinymce textwidget\">\n\t<\/div>\n<\/div><\/div><\/div><\/div><div id=\"pg-66-1\"  class=\"panel-grid panel-no-style\" ><div id=\"pgc-66-1-0\"  class=\"panel-grid-cell\" ><div id=\"panel-66-1-0-0\" class=\"so-panel widget widget_sow-editor panel-first-child panel-last-child\" data-index=\"1\" ><div\n\t\t\t\n\t\t\tclass=\"so-widget-sow-editor so-widget-sow-editor-base\"\n\t\t\t\n\t\t>\n<div class=\"siteorigin-widget-tinymce textwidget\">\n\t<p><a href=\"https:\/\/www.erkkilansuku.fi\/wp-content\/uploads\/2016\/03\/viiri.png\" rel=\"attachment wp-att-126\"><img loading=\"lazy\" decoding=\"async\" class=\"alignnone size-full wp-image-126\" src=\"https:\/\/www.erkkilansuku.fi\/wp-content\/uploads\/2016\/03\/viiri.png\" alt=\"viiri\" width=\"307\" height=\"189\" \/><\/a><\/p>\n<\/div>\n<\/div><\/div><\/div><div id=\"pgc-66-1-1\"  class=\"panel-grid-cell\" ><div id=\"panel-66-1-1-0\" class=\"so-panel widget widget_sow-editor panel-first-child panel-last-child\" data-index=\"2\" ><div\n\t\t\t\n\t\t\tclass=\"so-widget-sow-editor so-widget-sow-editor-base\"\n\t\t\t\n\t\t>\n<div class=\"siteorigin-widget-tinymce textwidget\">\n\t<div id=\"pgc-66-1-1\" class=\"panel-grid-cell\">\n<div id=\"panel-66-1-1-0\" class=\"so-panel widget widget_text panel-first-child panel-last-child\">\n<div class=\"textwidget\">\n<p align=\"LEFT\"><b>Viiri <\/b> jalustalla: 20 euroa<\/p>\n<p>Myyd\u00e4\u00e4n sukujuhlilla. <\/p>\n<\/div>\n<\/div>\n<\/div>\n<\/div>\n<\/div><\/div><\/div><\/div><div id=\"pg-66-2\"  class=\"panel-grid panel-no-style\" ><div id=\"pgc-66-2-0\"  class=\"panel-grid-cell\" ><div id=\"panel-66-2-0-0\" class=\"so-panel widget widget_sow-editor panel-first-child panel-last-child\" data-index=\"3\" ><div\n\t\t\t\n\t\t\tclass=\"so-widget-sow-editor so-widget-sow-editor-base\"\n\t\t\t\n\t\t>\n<div class=\"siteorigin-widget-tinymce textwidget\">\n\t<p><a href=\"https:\/\/www.erkkilansuku.fi\/wp-content\/uploads\/2016\/03\/pinssi.png\" rel=\"attachment wp-att-127\"><img loading=\"lazy\" decoding=\"async\" class=\"alignnone size-full wp-image-127\" src=\"https:\/\/www.erkkilansuku.fi\/wp-content\/uploads\/2016\/03\/pinssi.png\" alt=\"pinssi\" width=\"307\" height=\"189\" \/><\/a><\/p>\n<\/div>\n<\/div><\/div><\/div><div id=\"pgc-66-2-1\"  class=\"panel-grid-cell\" ><div id=\"panel-66-2-1-0\" class=\"so-panel widget widget_sow-editor panel-first-child panel-last-child\" data-index=\"4\" ><div\n\t\t\t\n\t\t\tclass=\"so-widget-sow-editor so-widget-sow-editor-base\"\n\t\t\t\n\t\t>\n<div class=\"siteorigin-widget-tinymce textwidget\">\n\t<div id=\"pgc-66-2-1\" class=\"panel-grid-cell\">\n<div id=\"panel-66-2-1-0\" class=\"so-panel widget widget_text panel-first-child panel-last-child\">\n<div class=\"textwidget\">\n<p align=\"LEFT\"><b>Pinssi<\/b>:\u00a0 3 euroa<\/p>\n<p align=\"left\">Myynniss\u00e4 sukujuhlilla.<\/p>\n<\/div>\n<\/div>\n<\/div>\n<\/div>\n<\/div><\/div><\/div><\/div><div id=\"pg-66-3\"  class=\"panel-grid panel-no-style\" ><div id=\"pgc-66-3-0\"  class=\"panel-grid-cell\" ><div id=\"panel-66-3-0-0\" class=\"so-panel widget widget_sow-editor panel-first-child panel-last-child\" data-index=\"5\" ><div\n\t\t\t\n\t\t\tclass=\"so-widget-sow-editor so-widget-sow-editor-base\"\n\t\t\t\n\t\t>\n<div class=\"siteorigin-widget-tinymce textwidget\">\n\t<p>Sukukirja<\/p>\n<\/div>\n<\/div><\/div><\/div><div id=\"pgc-66-3-1\"  class=\"panel-grid-cell\" ><div id=\"panel-66-3-1-0\" class=\"so-panel widget widget_sow-editor panel-first-child\" data-index=\"6\" ><div\n\t\t\t\n\t\t\tclass=\"so-widget-sow-editor so-widget-sow-editor-base\"\n\t\t\t\n\t\t>\n<div class=\"siteorigin-widget-tinymce textwidget\">\n\t<p>Viimeisen, 2-osaisen sukukirjan 2-osaa on v\u00e4h\u00e4n j\u00e4ljell\u00e4. Hinta 10 \u20ac. Postikulut 10 \u20ac tai nouto. Kysy hannelehelmililja@gmail.com tai soita puheenjohtajalle.<\/p>\n<\/div>\n<\/div><\/div><div id=\"panel-66-3-1-1\" class=\"so-panel widget widget_sow-editor panel-last-child\" data-index=\"7\" ><div\n\t\t\t\n\t\t\tclass=\"so-widget-sow-editor so-widget-sow-editor-base\"\n\t\t\t\n\t\t>\n<div class=\"siteorigin-widget-tinymce textwidget\">\n\t<p>Uutuutena tarjoamme serkku- tai pikkuserkkutulosteita, sukupuita yms. joko sukujuhlilla paperitulosteina tai l\u00e4hetettyin\u00e4 pyyt\u00e4j\u00e4n s\u00e4hk\u00f6postiin 5 \u20ac<\/p>\n<\/div>\n<\/div><\/div><\/div><\/div><\/div>","protected":false},"excerpt":{"rendered":"<p>Viiri jalustalla: 20 euroaMyyd\u00e4\u00e4n sukujuhlilla.<\/p>\n","protected":false},"author":1,"featured_media":0,"parent":0,"menu_order":0,"comment_status":"closed","ping_status":"closed","template":"","meta":{"footnotes":""},"class_list":["post-66","page","type-page","status-publish","hentry"],"_links":{"self":[{"href":"https:\/\/www.erkkilansuku.fi\/index.php\/wp-json\/wp\/v2\/pages\/66","targetHints":{"allow":["GET"]}}],"collection":[{"href":"https:\/\/www.erkkilansuku.fi\/index.php\/wp-json\/wp\/v2\/pages"}],"about":[{"href":"https:\/\/www.erkkilansuku.fi\/index.php\/wp-json\/wp\/v2\/types\/page"}],"author":[{"embeddable":true,"href":"https:\/\/www.erkkilansuku.fi\/index.php\/wp-json\/wp\/v2\/users\/1"}],"replies":[{"embeddable":true,"href":"https:\/\/www.erkkilansuku.fi\/index.php\/wp-json\/wp\/v2\/comments?post=66"}],"version-history":[{"count":31,"href":"https:\/\/www.erkkilansuku.fi\/index.php\/wp-json\/wp\/v2\/pages\/66\/revisions"}],"predecessor-version":[{"id":652,"href":"https:\/\/www.erkkilansuku.fi\/index.php\/wp-json\/wp\/v2\/pages\/66\/revisions\/652"}],"wp:attachment":[{"href":"https:\/\/www.erkkilansuku.fi\/index.php\/wp-json\/wp\/v2\/media?parent=66"}],"curies":[{"name":"wp","href":"https:\/\/api.w.org\/{rel}","templated":true}]}}