{"id":63,"date":"2016-03-10T11:30:29","date_gmt":"2016-03-10T09:30:29","guid":{"rendered":"https:\/\/www.erkkilansuku.fi\/?page_id=63"},"modified":"2024-02-26T08:27:16","modified_gmt":"2024-02-26T06:27:16","slug":"sukukirja","status":"publish","type":"page","link":"https:\/\/www.erkkilansuku.fi\/index.php\/sukukirja\/","title":{"rendered":"Sukukirja"},"content":{"rendered":"<div id=\"pl-63\"  class=\"panel-layout\" ><div id=\"pg-63-0\"  class=\"panel-grid panel-no-style\" ><div id=\"pgc-63-0-0\"  class=\"panel-grid-cell\" ><div id=\"panel-63-0-0-0\" class=\"so-panel widget widget_sow-editor panel-first-child panel-last-child\" data-index=\"0\" ><div\n\t\t\t\n\t\t\tclass=\"so-widget-sow-editor so-widget-sow-editor-base\"\n\t\t\t\n\t\t><h3 class=\"widget-title\">Sukukirja<\/h3>\n<div class=\"siteorigin-widget-tinymce textwidget\">\n\t<p>Uusin sukukirja julkaistiin 15.5.2012 Tilaisuudessa puhui suvun esimies ministeri Jaakko Numminen.<\/p>\n<p><img loading=\"lazy\" decoding=\"async\" class=\"alignnone size-full wp-image-89\" src=\"https:\/\/www.erkkilansuku.fi\/wp-content\/uploads\/2016\/03\/Numminen15052012.jpg\" alt=\"Numminen15052012\" width=\"600\" height=\"448\" \/><\/p>\n<p>Kirja on kaksiosainen ja loppuunmyyty. Ainoastaan muutama kakkososa on j\u00e4ljell\u00e4.<\/p>\n<p>Korjaukset ja t\u00e4ydennykset kirjan tietoihin voi tehd\u00e4 <a href=\"https:\/\/www.erkkilansuku.fi\/index.php\/taydenna_tietoja\/\">t\u00e4\u00e4ll\u00e4.<\/a><\/p>\n<\/div>\n<\/div><\/div><\/div><\/div><\/div>","protected":false},"excerpt":{"rendered":"<p>Uusin sukukirja julkaistiin 15.5.2012 Tilaisuudessa puhui suvun esimies ministeri Jaakko Numminen. Kirja on kaksiosainen ja loppuunmyyty. Ainoastaan muutama kakkososa on j\u00e4ljell\u00e4. Korjaukset ja t\u00e4ydennykset kirjan tietoihin voi tehd\u00e4 t\u00e4\u00e4ll\u00e4.<\/p>\n","protected":false},"author":1,"featured_media":0,"parent":0,"menu_order":0,"comment_status":"closed","ping_status":"closed","template":"","meta":{"footnotes":""},"class_list":["post-63","page","type-page","status-publish","hentry"],"_links":{"self":[{"href":"https:\/\/www.erkkilansuku.fi\/index.php\/wp-json\/wp\/v2\/pages\/63","targetHints":{"allow":["GET"]}}],"collection":[{"href":"https:\/\/www.erkkilansuku.fi\/index.php\/wp-json\/wp\/v2\/pages"}],"about":[{"href":"https:\/\/www.erkkilansuku.fi\/index.php\/wp-json\/wp\/v2\/types\/page"}],"author":[{"embeddable":true,"href":"https:\/\/www.erkkilansuku.fi\/index.php\/wp-json\/wp\/v2\/users\/1"}],"replies":[{"embeddable":true,"href":"https:\/\/www.erkkilansuku.fi\/index.php\/wp-json\/wp\/v2\/comments?post=63"}],"version-history":[{"count":20,"href":"https:\/\/www.erkkilansuku.fi\/index.php\/wp-json\/wp\/v2\/pages\/63\/revisions"}],"predecessor-version":[{"id":687,"href":"https:\/\/www.erkkilansuku.fi\/index.php\/wp-json\/wp\/v2\/pages\/63\/revisions\/687"}],"wp:attachment":[{"href":"https:\/\/www.erkkilansuku.fi\/index.php\/wp-json\/wp\/v2\/media?parent=63"}],"curies":[{"name":"wp","href":"https:\/\/api.w.org\/{rel}","templated":true}]}}