{"id":614,"date":"2022-10-26T09:24:39","date_gmt":"2022-10-26T06:24:39","guid":{"rendered":"https:\/\/www.erkkilansuku.fi\/?page_id=614"},"modified":"2022-10-26T09:24:54","modified_gmt":"2022-10-26T06:24:54","slug":"jasenkirjeet","status":"publish","type":"page","link":"https:\/\/www.erkkilansuku.fi\/index.php\/jasenkirjeet\/","title":{"rendered":"J\u00e4senkirjeet"},"content":{"rendered":"<p>Yhdistyksen j\u00e4senille l\u00e4hetet\u00e4\u00e4n s\u00e4hk\u00f6postitse j\u00e4sentiedote vuosittain, yleens\u00e4 joulukuussa, ja tarvittaessa useamminkin. T\u00e4\u00e4lt\u00e4 l\u00f6ytyy vanhoja j\u00e4senkirjeit\u00e4:<\/p>\n<p><a href=\"https:\/\/www.erkkilansuku.fi\/wp-content\/uploads\/2022\/05\/Erkkilaaset1-2022.pdf\">Erkkilaaset1-2022<\/a><br \/>\n<a href=\"https:\/\/www.erkkilansuku.fi\/wp-content\/uploads\/2021\/12\/Erkkilaaset2021.pdf\">Erkkilaaset2021<\/a><br \/>\n<a href=\"https:\/\/www.erkkilansuku.fi\/wp-content\/uploads\/2020\/12\/Erkkilaaset2020.pdf\">Erkkilaaset2020<\/a><br \/>\n<a href=\"https:\/\/www.erkkilansuku.fi\/wp-content\/uploads\/2019\/12\/Sukuviesti_2019.pdf\">Sukuviesti_2019<\/a><br \/>\n<a href=\"https:\/\/www.erkkilansuku.fi\/wp-content\/uploads\/2018\/12\/Erkkilaaset-2018.pdf\">Erkkilaaset 2018<\/a><br \/>\n<a href=\"https:\/\/www.erkkilansuku.fi\/wp-content\/uploads\/2017\/12\/Erkkil\u00e4\u00e4set_2017.pdf\">Erkkil\u00e4\u00e4set_2017<\/a><br \/>\n<a href=\"https:\/\/www.erkkilansuku.fi\/wp-content\/uploads\/2016\/12\/Erkkil\u00e4\u00e4set-2016.pdf\">Erkkil\u00e4\u00e4set 2016<\/a><br \/>\n<a href=\"https:\/\/www.erkkilansuku.fi\/wp-content\/uploads\/2016\/03\/tiedote2015.pdf\">tiedote2015<\/a><\/p>\n","protected":false},"excerpt":{"rendered":"<p>Yhdistyksen j\u00e4senille l\u00e4hetet\u00e4\u00e4n s\u00e4hk\u00f6postitse j\u00e4sentiedote vuosittain, yleens\u00e4 joulukuussa, ja tarvittaessa useamminkin. T\u00e4\u00e4lt\u00e4 l\u00f6ytyy vanhoja j\u00e4senkirjeit\u00e4: Erkkilaaset1-2022 Erkkilaaset2021 Erkkilaaset2020 Sukuviesti_2019 Erkkilaaset 2018 Erkkil\u00e4\u00e4set_2017 Erkkil\u00e4\u00e4set 2016 tiedote2015<\/p>\n","protected":false},"author":1,"featured_media":0,"parent":0,"menu_order":0,"comment_status":"closed","ping_status":"closed","template":"","meta":{"footnotes":""},"class_list":["post-614","page","type-page","status-publish","hentry"],"_links":{"self":[{"href":"https:\/\/www.erkkilansuku.fi\/index.php\/wp-json\/wp\/v2\/pages\/614","targetHints":{"allow":["GET"]}}],"collection":[{"href":"https:\/\/www.erkkilansuku.fi\/index.php\/wp-json\/wp\/v2\/pages"}],"about":[{"href":"https:\/\/www.erkkilansuku.fi\/index.php\/wp-json\/wp\/v2\/types\/page"}],"author":[{"embeddable":true,"href":"https:\/\/www.erkkilansuku.fi\/index.php\/wp-json\/wp\/v2\/users\/1"}],"replies":[{"embeddable":true,"href":"https:\/\/www.erkkilansuku.fi\/index.php\/wp-json\/wp\/v2\/comments?post=614"}],"version-history":[{"count":2,"href":"https:\/\/www.erkkilansuku.fi\/index.php\/wp-json\/wp\/v2\/pages\/614\/revisions"}],"predecessor-version":[{"id":616,"href":"https:\/\/www.erkkilansuku.fi\/index.php\/wp-json\/wp\/v2\/pages\/614\/revisions\/616"}],"wp:attachment":[{"href":"https:\/\/www.erkkilansuku.fi\/index.php\/wp-json\/wp\/v2\/media?parent=614"}],"curies":[{"name":"wp","href":"https:\/\/api.w.org\/{rel}","templated":true}]}}