{"id":60,"date":"2016-03-10T11:30:14","date_gmt":"2016-03-10T09:30:14","guid":{"rendered":"https:\/\/www.erkkilansuku.fi\/?page_id=60"},"modified":"2023-09-29T12:31:21","modified_gmt":"2023-09-29T09:31:21","slug":"jaseneksi","status":"publish","type":"page","link":"https:\/\/www.erkkilansuku.fi\/index.php\/jaseneksi\/","title":{"rendered":"J\u00e4seneksi"},"content":{"rendered":"<div id=\"pl-60\"  class=\"panel-layout\" ><div id=\"pg-60-0\"  class=\"panel-grid panel-no-style\" ><div id=\"pgc-60-0-0\"  class=\"panel-grid-cell\" ><div id=\"panel-60-0-0-0\" class=\"so-panel widget widget_sow-editor panel-first-child\" data-index=\"0\" ><div\n\t\t\t\n\t\t\tclass=\"so-widget-sow-editor so-widget-sow-editor-base\"\n\t\t\t\n\t\t><h3 class=\"widget-title\">J\u00e4seneksi<\/h3>\n<div class=\"siteorigin-widget-tinymce textwidget\">\n\t<p>Sukukokouksessa 2012 suvulle hyv\u00e4ksyttiin ensimm\u00e4iset s\u00e4\u00e4nn\u00f6t ja siten toiminta j\u00e4rjest\u00e4ytyi yhdistykseksi. Sen seurauksena sukuseuralle tarvitaan j\u00e4seni\u00e4. Kaikki sukuun kuuluvat ovat tietysti sukuseuran toiminnan kohteena ja voivat osallistua tilaisuuksiin, mutta yhdistyksen j\u00e4seneksi hyv\u00e4ksyy hallitus hakemuksesta. J\u00e4senmaksuksi p\u00e4\u00e4tettiin sukukokouksessa 5 \u20ac vuodessa. T\u00e4ll\u00e4 lomakkeella voit hakea j\u00e4senyytt\u00e4. Kirjoita ajantasaiset tiedot tyhjiin ruutuihin ja paina \"L\u00e4het\u00e4 tiedot\" -nappia. S\u00e4hk\u00f6postiosoite on t\u00e4rke\u00e4 tiedottamisen takia. Toivomme kaikkien sukulaisten liittyv\u00e4n j\u00e4seniksi, jotta tiedotus helpottuu ja hallinto selkeytyy. <a href=\"https:\/\/www.erkkilansuku.fi\/wp-content\/uploads\/2023\/09\/Jasenrekisterin-tietosuojaseloste.pdf\">Rekisteriseloste<\/a> <\/p>\n<\/div>\n<\/div><\/div><div id=\"panel-60-0-0-1\" class=\"so-panel widget widget_sow-editor panel-last-child\" data-index=\"1\" ><div\n\t\t\t\n\t\t\tclass=\"so-widget-sow-editor so-widget-sow-editor-base\"\n\t\t\t\n\t\t>\n<div class=\"siteorigin-widget-tinymce textwidget\">\n\t\n<div class=\"wpcf7 no-js\" id=\"wpcf7-f84-o1\" lang=\"fi\" dir=\"ltr\" data-wpcf7-id=\"84\">\n<div class=\"screen-reader-response\"><p role=\"status\" aria-live=\"polite\" aria-atomic=\"true\"><\/p> <ul><\/ul><\/div>\n<form action=\"\/index.php\/wp-json\/wp\/v2\/pages\/60#wpcf7-f84-o1\" method=\"post\" class=\"wpcf7-form init\" aria-label=\"Yhteydenottolomake\" novalidate=\"novalidate\" data-status=\"init\">\n<fieldset class=\"hidden-fields-container\"><input type=\"hidden\" name=\"_wpcf7\" value=\"84\" \/><input type=\"hidden\" name=\"_wpcf7_version\" value=\"6.1.5\" \/><input type=\"hidden\" name=\"_wpcf7_locale\" value=\"fi\" \/><input type=\"hidden\" name=\"_wpcf7_unit_tag\" value=\"wpcf7-f84-o1\" \/><input type=\"hidden\" name=\"_wpcf7_container_post\" value=\"0\" \/><input type=\"hidden\" name=\"_wpcf7_posted_data_hash\" value=\"\" \/>\n<\/fieldset>\n<p>Nimi:\n<\/p>\n<p><span class=\"wpcf7-form-control-wrap\" data-name=\"nimi\"><input size=\"40\" maxlength=\"400\" class=\"wpcf7-form-control wpcf7-text\" aria-invalid=\"false\" value=\"\" type=\"text\" name=\"nimi\" \/><\/span>\n<\/p>\n<p>Osoite:\n<\/p>\n<p><span class=\"wpcf7-form-control-wrap\" data-name=\"osoite\"><input size=\"40\" maxlength=\"400\" class=\"wpcf7-form-control wpcf7-text\" aria-invalid=\"false\" value=\"\" type=\"text\" name=\"osoite\" \/><\/span>\n<\/p>\n<p>S\u00e4hk\u00f6posti:\n<\/p>\n<p><span class=\"wpcf7-form-control-wrap\" data-name=\"email\"><input size=\"40\" maxlength=\"400\" class=\"wpcf7-form-control wpcf7-text\" aria-invalid=\"false\" value=\"\" type=\"text\" name=\"email\" \/><\/span>\n<\/p>\n<p>Puhelin:\n<\/p>\n<p><span class=\"wpcf7-form-control-wrap\" data-name=\"puhelin\"><input size=\"40\" maxlength=\"400\" class=\"wpcf7-form-control wpcf7-text\" aria-invalid=\"false\" value=\"\" type=\"text\" name=\"puhelin\" \/><\/span>\n<\/p>\n<p><input class=\"wpcf7-form-control wpcf7-submit has-spinner\" type=\"submit\" value=\"L\u00e4het\u00e4 tiedot\" \/>\n<\/p><div class=\"wpcf7-response-output\" aria-hidden=\"true\"><\/div>\n<\/form>\n<\/div>\n\n<\/div>\n<\/div><\/div><\/div><\/div><\/div>","protected":false},"excerpt":{"rendered":"<p>Sukukokouksessa 2012 suvulle hyv\u00e4ksyttiin ensimm\u00e4iset s\u00e4\u00e4nn\u00f6t ja siten toiminta j\u00e4rjest\u00e4ytyi yhdistykseksi. Sen seurauksena sukuseuralle tarvitaan j\u00e4seni\u00e4. Kaikki sukuun kuuluvat ovat tietysti sukuseuran toiminnan kohteena ja voivat osallistua tilaisuuksiin, mutta yhdistyksen j\u00e4seneksi hyv\u00e4ksyy hallitus hakemuksesta. J\u00e4senmaksuksi p\u00e4\u00e4tettiin sukukokouksessa 5 \u20ac vuodessa. T\u00e4ll\u00e4 lomakkeella voit hakea j\u00e4senyytt\u00e4. Kirjoita ajantasaiset tiedot tyhjiin ruutuihin ja paina &#8221;L\u00e4het\u00e4 tiedot&#8221; -nappia. [&hellip;]<\/p>\n","protected":false},"author":1,"featured_media":0,"parent":0,"menu_order":0,"comment_status":"closed","ping_status":"closed","template":"","meta":{"footnotes":""},"class_list":["post-60","page","type-page","status-publish","hentry"],"_links":{"self":[{"href":"https:\/\/www.erkkilansuku.fi\/index.php\/wp-json\/wp\/v2\/pages\/60","targetHints":{"allow":["GET"]}}],"collection":[{"href":"https:\/\/www.erkkilansuku.fi\/index.php\/wp-json\/wp\/v2\/pages"}],"about":[{"href":"https:\/\/www.erkkilansuku.fi\/index.php\/wp-json\/wp\/v2\/types\/page"}],"author":[{"embeddable":true,"href":"https:\/\/www.erkkilansuku.fi\/index.php\/wp-json\/wp\/v2\/users\/1"}],"replies":[{"embeddable":true,"href":"https:\/\/www.erkkilansuku.fi\/index.php\/wp-json\/wp\/v2\/comments?post=60"}],"version-history":[{"count":11,"href":"https:\/\/www.erkkilansuku.fi\/index.php\/wp-json\/wp\/v2\/pages\/60\/revisions"}],"predecessor-version":[{"id":665,"href":"https:\/\/www.erkkilansuku.fi\/index.php\/wp-json\/wp\/v2\/pages\/60\/revisions\/665"}],"wp:attachment":[{"href":"https:\/\/www.erkkilansuku.fi\/index.php\/wp-json\/wp\/v2\/media?parent=60"}],"curies":[{"name":"wp","href":"https:\/\/api.w.org\/{rel}","templated":true}]}}