{"id":57,"date":"2016-03-10T11:29:46","date_gmt":"2016-03-10T09:29:46","guid":{"rendered":"https:\/\/www.erkkilansuku.fi\/?page_id=57"},"modified":"2016-03-29T13:11:15","modified_gmt":"2016-03-29T10:11:15","slug":"saannot","status":"publish","type":"page","link":"https:\/\/www.erkkilansuku.fi\/index.php\/saannot\/","title":{"rendered":"S\u00e4\u00e4nn\u00f6t"},"content":{"rendered":"<div id=\"pl-57\"  class=\"panel-layout\" ><div id=\"pg-57-0\"  class=\"panel-grid panel-no-style\" ><div id=\"pgc-57-0-0\"  class=\"panel-grid-cell\" ><div id=\"panel-57-0-0-0\" class=\"so-panel widget widget_sow-editor panel-first-child panel-last-child\" data-index=\"0\" ><div\n\t\t\t\n\t\t\tclass=\"so-widget-sow-editor so-widget-sow-editor-base\"\n\t\t\t\n\t\t><h3 class=\"widget-title\">S\u00e4\u00e4nn\u00f6t<\/h3>\n<div class=\"siteorigin-widget-tinymce textwidget\">\n\t<p><strong>LAPUAN ERKKIL\u00c4N SUKUSEURAN S\u00c4\u00c4NN\u00d6T, hyv\u00e4ksyttiin sukukokouksessa<\/strong><br \/><strong>21.7.2012<\/strong><\/p>\n<p><strong>1 \u00a7 Nimi ja kotipaikka<\/strong><br \/>Yhdistyksen nimi on Lapuan Erkkil\u00e4n sukuseura ry ja sen kotipaikka on Lapua. N\u00e4iss\u00e4 s\u00e4\u00e4nn\u00f6iss\u00e4 yhdistyksest\u00e4 k\u00e4ytet\u00e4\u00e4n nimityst\u00e4 sukuseura tai seura.<\/p>\n<p><strong>2 \u00a7 Tarkoitus ja toimintamuodot<\/strong><br \/>Sukuseuran tarkoituksena on selvitt\u00e4\u00e4 Lapuan Erkkil\u00e4n suvun vaiheita ja historiaa, vaalia niihin liittyvi\u00e4 perinteit\u00e4 ja edist\u00e4\u00e4 yhteenkuuluvuuden tunnetta suvun j\u00e4senten keskuudessa sek\u00e4 tehd\u00e4 sukuseura- ja sukututkimusty\u00f6t\u00e4 tunnetuksi ja muutenkin edist\u00e4\u00e4 kotiseututy\u00f6t\u00e4.<\/p>\n<p>Tarkoituksensa toteuttamiseksi sukuseura voi mahdollisuuksiensa mukaan<\/p>\n<p>-j\u00e4rjest\u00e4\u00e4 sukukokouksia, sukup\u00e4ivi\u00e4 ja muita niihin verrattavia tilaisuuksia,<br \/>-suorittaa ja tukea suku- ja henkil\u00f6historiallista tutkimustoimintaa,<br \/>-ker\u00e4t\u00e4 ja arkistoida sukua\/sukuja koskevaa tietoutta sek\u00e4 jakaa tutkimus- ja perinnetietoa,<br \/>-harjoittaa seuran tarkoituksen toteuttamista edist\u00e4v\u00e4\u00e4 julkaisutoimintaa,<br \/>-toteuttaa yhteisty\u00f6t\u00e4 sukututkimus-, kotiseutu-, kaupunki- ja kyl\u00e4yhdistysten sek\u00e4 muiden<br \/>-tarpeellisten paikallisten, alueellisten ja valtakunnallisten yhteisty\u00f6tahojen kanssa.<\/p>\n<p>Toimintansa tukemiseksi sukuseura voi ottaa vastaan testamentattua ja lahjoitettua omaisuutta sek\u00e4 avustuksia, perustaa sukututkimus- ja muita rahastoja sek\u00e4 asianomaisella luvalla j\u00e4rjest\u00e4\u00e4 varainker\u00e4yksi\u00e4 ja arpajaisia. Seura voi omistaa toimintansa kannalta tarpeellisia kiinteist\u00f6j\u00e4.<\/p>\n<p>Seura ei harjoita elinkeinotoimintaa eik\u00e4 sen tarkoituksena ole taloudellisen hy\u00f6dyn tai voiton tuottaminen j\u00e4senilleen.<\/p>\n<p><strong>3 \u00a7 J\u00e4senet<\/strong><br \/>Sukuseuran varsinaiseksi j\u00e4seneksi voidaan hyv\u00e4ksy\u00e4 jokainen yksityinen henkil\u00f6 tai oikeuskelpoinen yhteis\u00f6, joka haluaa toimia seuran tarkoituksen edist\u00e4miseksi.<\/p>\n<p>Varsinaiset j\u00e4senet hyv\u00e4ksyy hakemuksesta seuran hallitus.<\/p>\n<p>Kunniapuheenjohtajaksi tai kunniaj\u00e4seniksi voidaan hallituksen esityksest\u00e4 seuran sukukokouksessa kutsua henkil\u00f6it\u00e4, jotka ovat huomattavasti edist\u00e4neet ja tukeneet yhdistyksen toimintaa.<\/p>\n<p><strong>4 \u00a7 J\u00e4senen eroaminen ja erottaminen<\/strong><br \/>J\u00e4senell\u00e4 on oikeus erota yhdistyksest\u00e4 ilmoittamalla siit\u00e4 kirjallisesti hallitukselle tai sen puheenjohtajalle taikka ilmoittamalla erosta yhdistyksen kokouksessa merkitt\u00e4v\u00e4ksi p\u00f6yt\u00e4kirjaan.<\/p>\n<p>Mik\u00e4li j\u00e4sen j\u00e4tt\u00e4\u00e4 toistuvasti j\u00e4senmaksunsa maksamatta, h\u00e4net katsotaan eronneeksi.<\/p>\n<p><strong>5 \u00a7 Liittymis- ja j\u00e4senmaksu<\/strong><br \/>Varsinaisilta j\u00e4senilt\u00e4 ja kannatusj\u00e4senilt\u00e4 peritt\u00e4v\u00e4n liittymismaksun ja vuotuisen tai ainaisj\u00e4senmaksun suuruudesta p\u00e4\u00e4tt\u00e4\u00e4 varsinainen sukukokous. Kunniapuheenjohtaja ja kunniaj\u00e4senet eiv\u00e4t suorita j\u00e4senmaksuja.<\/p>\n<p><strong>6 \u00a7 Hallitus<\/strong><br \/>Sukuseuran asioita hoitaa hallitus, johon kuuluu vuosikokouksessa valitut puheenjohtaja, p\u00e4\u00e4em\u00e4nt\u00e4 ja 5\u201311 muuta varsinaista j\u00e4sent\u00e4. Hallituksen toimikausi on varsinaisten sukukokousten v\u00e4linen aika.<\/p>\n<p>Hallitus valitsee keskuudestaan varapuheenjohtajan sek\u00e4 ottaa keskuudestaan tai ulkopuolelta sihteerin, rahastonhoitajan ja muut tarvittavat toimihenkil\u00f6t sek\u00e4 voi perustaa tarpeellisia toimikuntia tai neuvoa-antavia elimi\u00e4.<\/p>\n<p>Hallitus kokoontuu puheenjohtajan tai h\u00e4nen estyneen\u00e4 ollessaan varapuheenjohtajan kutsusta, kun he katsovat siihen olevan aihetta tai kun v\u00e4hint\u00e4\u00e4n puolet hallituksen j\u00e4senist\u00e4 sit\u00e4 vaatii.<\/p>\n<p>Hallitus on p\u00e4\u00e4t\u00f6svaltainen, kun v\u00e4hint\u00e4\u00e4n puolet sen j\u00e4senist\u00e4, puheenjohtaja tai varapuheenjohtaja mukaan luettuna on l\u00e4sn\u00e4. \u00c4\u00e4nestykset ratkaistaan yksinkertaisella \u00e4\u00e4nten enemmist\u00f6ll\u00e4. \u00c4\u00e4nten menness\u00e4 tasan ratkaisee puheenjohtajan \u00e4\u00e4ni, vaaleissa kuitenkin arpa.<\/p>\n<p>Seuran hallitus pit\u00e4\u00e4 sukuseuran j\u00e4senluetteloa.<\/p>\n<p><strong>7 \u00a7 Suvun esimies ja suvun vanhin<\/strong><br \/>Sukukokouksessa valitaan hallituksen esityksest\u00e4 suvun esimies ja suvun vanhin, jotka luetaan suvun kunniaj\u00e4seniksi. Heid\u00e4n teht\u00e4v\u00e4n\u00e4\u00e4n on edist\u00e4\u00e4 sukuyhteytt\u00e4 ja suvun tunnettavuutta.<\/p>\n<p><strong>8 \u00a7 Sukuseuran nimen kirjoittaminen<\/strong><br \/>Seuran nimen kirjoittaa hallituksen puheenjohtaja, varapuheenjohtaja, sihteeri tai rahastonhoitaja, kaksi yhdess\u00e4. Rahastonhoitajalla on kuitenkin oikeus yksin ilman erityist\u00e4 valtuutusta nostaa seuralle tulevia ja kuuluvia varoja ja hoitaa maksuliikennett\u00e4 ja t\u00e4ll\u00f6in yksin kirjoittaa sukuseuran nimi.<\/p>\n<p><strong>9 \u00a7 Tilikausi ja toiminnantarkastus<\/strong><br \/>Sukuseuran tilikausi p\u00e4\u00e4ttyy vuosittain 31.12.<\/p>\n<p>Tilinp\u00e4\u00e4t\u00f6kset tarvittavine asiakirjoineen ja hallituksen toimintakertomuksineen on annettava toiminnantarkastajalle viimeist\u00e4\u00e4n kuukautta ennen varsinaista sukukokousta. Toiminnantarkastajan tulee antaa kirjallinen lausuntonsa viimeist\u00e4\u00e4n kaksi viikkoa ennen sukukokousta hallitukselle.<\/p>\n<p><strong>10 \u00a7 Sukuseuran kokoukset<\/strong><br \/>Sukuseuran kokoukseen voidaan osallistua hallituksen tai sukukokouksen niin p\u00e4\u00e4tt\u00e4ess\u00e4 my\u00f6s postitse taikka tietoliikenneyhteyden tai muun teknisen apuv\u00e4lineen avulla kokouksen aikana tai ennen kokousta.<\/p>\n<p>Seuran vuosikokouksena on varsinainen sukukokous, joka pidet\u00e4\u00e4n joka 5. vuosi hallituksen m\u00e4\u00e4r\u00e4\u00e4m\u00e4n\u00e4 p\u00e4iv\u00e4n\u00e4 huhti\u2013syyskuun aikana. Ylim\u00e4\u00e4r\u00e4inen sukukokous pidet\u00e4\u00e4n, kun seuran sukukokous niin p\u00e4\u00e4tt\u00e4\u00e4 tai kun hallitus katsoo siihen olevan aihetta tai kun v\u00e4hint\u00e4\u00e4n yksi kymmenesosa (1\/10) yhdistyksen \u00e4\u00e4nioikeutetuista j\u00e4senist\u00e4 sit\u00e4 erityisesti ilmoitettua asiaa varten hallitukselta kirjallisesti vaatii. Kokous on pidett\u00e4v\u00e4 kolmenkymmenen vuorokauden kuluessa siit\u00e4, kun vaatimus sen pit\u00e4misest\u00e4 on esitetty hallitukselle.<\/p>\n<p>Seuran sukukokouksessa on jokaisella varsinaisella j\u00e4senell\u00e4, kunniapuheenjohtajalla ja kunniaj\u00e4senell\u00e4 yksi \u00e4\u00e4ni. Sukukokouksen p\u00e4\u00e4t\u00f6kseksi tulee, ellei s\u00e4\u00e4nn\u00f6iss\u00e4 ole toisin m\u00e4\u00e4r\u00e4tty, se mielipide, jota on kannattanut yli puolet annetuista \u00e4\u00e4nist\u00e4. \u00c4\u00e4nten menness\u00e4 tasan ratkaisee kokouksen puheenjohtajan \u00e4\u00e4ni, vaaleissa kuitenkin arpa.<\/p>\n<p><strong>11 \u00a7 Sukuseuran kokousten koollekutsuminen<\/strong><br \/>Hallituksen on kutsuttava sukuseuran kokoukset koolle viimeist\u00e4\u00e4n nelj\u00e4toista (14) vuorokautta ennen kokousta j\u00e4senille postitetuilla kirjeill\u00e4, seuran kotipaikkakunnalla ilmestyv\u00e4ss\u00e4 sanomalehdess\u00e4 tai s\u00e4hk\u00f6postitse.<\/p>\n<p><strong>12 \u00a7 Varsinainen sukukokous<\/strong><br \/>Seuran varsinaisessa sukukokouksessa k\u00e4sitell\u00e4\u00e4n seuraavat asiat:<\/p>\n<p>1. kokouksen avaus<br \/>2. valitaan kokouksen puheenjohtaja, sihteeri, kaksi p\u00f6yt\u00e4kirjantarkastajaa ja tarvittaessa kaksi \u00e4\u00e4ntenlaskijaa<br \/>3. todetaan kokouksen laillisuus ja p\u00e4\u00e4t\u00f6svaltaisuus<br \/>4. hyv\u00e4ksyt\u00e4\u00e4n kokouksen ty\u00f6j\u00e4rjestys<br \/>5. esitet\u00e4\u00e4n tilikausittain tilinp\u00e4\u00e4t\u00f6s, toimintakertomus ja toiminnantarkastajan lausunto<br \/>6. p\u00e4\u00e4tet\u00e4\u00e4n tilinp\u00e4\u00e4t\u00f6ksen vahvistamisesta ja vastuuvapauden my\u00f6nt\u00e4misest\u00e4 hallitukselle ja muille vastuuvelvollisille<br \/>7. vahvistetaan toimintasuunnitelma, tulo- ja menoarvio sek\u00e4 liittymis- ja j\u00e4senmaksujen suuruudet seuraavaksi toimikaudeksi<br \/>8. p\u00e4\u00e4tet\u00e4\u00e4n hallitukseen valittavien varsinaisten j\u00e4senten lukum\u00e4\u00e4r\u00e4st\u00e4<br \/>9. valitaan hallituksen puheenjohtaja, p\u00e4\u00e4em\u00e4nt\u00e4 ja muut j\u00e4senet<br \/>10. valitaan suvun esimies ja suvun vanhin sek\u00e4 kutsutaan mahdolliset muut kunniaj\u00e4senet ja mahdollinen kunniapuheenjohtaja<br \/>11. valitaan toiminnantarkastaja ja t\u00e4lle varahenkil\u00f6 seuraavaksi toimikaudeksi<br \/>12. k\u00e4sitell\u00e4\u00e4n muut kokouskutsussa mainitut asiat<br \/>13. kokouksen p\u00e4\u00e4tt\u00e4minen.<\/p>\n<p>Mik\u00e4li sukuseuran j\u00e4sen haluaa saada jonkin asian sukukokouksen k\u00e4sitelt\u00e4v\u00e4ksi, on h\u00e4nen ilmoitettava siit\u00e4 kirjallisesti hallitukselle niin hyviss\u00e4 ajoin, ett\u00e4 asia voidaan sis\u00e4llytt\u00e4\u00e4 kokouskutsuun.<\/p>\n<p><strong>13 \u00a7 S\u00e4\u00e4nt\u00f6jen muuttaminen ja sukuseuran purkaminen<\/strong><br \/>P\u00e4\u00e4t\u00f6s s\u00e4\u00e4nt\u00f6jen muuttamisesta ja seuran purkamisesta on teht\u00e4v\u00e4 seuran kokouksessa v\u00e4hint\u00e4\u00e4n kolmen nelj\u00e4sosan (3\/4) enemmist\u00f6ll\u00e4 annetuista \u00e4\u00e4nist\u00e4. Kokouskutsussa on mainittava s\u00e4\u00e4nt\u00f6jen muuttamista tai seuran purkamista koskevan asian esill\u00e4 olosta.<\/p>\n<p>Sukuseuran purkautuessa tai tullessa lakkautetuksi k\u00e4ytet\u00e4\u00e4n seuran varat sen tarkoituksen edist\u00e4miseen purkamisesta p\u00e4\u00e4tt\u00e4v\u00e4n kokouksen m\u00e4\u00e4r\u00e4\u00e4m\u00e4ll\u00e4 tavalla. Arkisto luovutetaan sopivaksi katsotulle arkistolle taikka muutoin tukemaan suku- ja henkil\u00f6historiallista tutkimusty\u00f6t\u00e4.<\/p>\n<p><strong>14 \u00a7 Yhdistyslain noudattaminen<\/strong><br \/>Kaikessa muussa noudatetaan yhdistyslain voimassa olevia m\u00e4\u00e4r\u00e4yksi\u00e4.<\/p>\n<\/div>\n<\/div><\/div><\/div><\/div><\/div>","protected":false},"excerpt":{"rendered":"<p>LAPUAN ERKKIL\u00c4N SUKUSEURAN S\u00c4\u00c4NN\u00d6T, hyv\u00e4ksyttiin sukukokouksessa21.7.20121 \u00a7 Nimi ja kotipaikkaYhdistyksen nimi on Lapuan Erkkil\u00e4n sukuseura ry ja sen kotipaikka on Lapua. N\u00e4iss\u00e4 s\u00e4\u00e4nn\u00f6iss\u00e4 yhdistyksest\u00e4 k\u00e4ytet\u00e4\u00e4n nimityst\u00e4 sukuseura tai seura.2 \u00a7 Tarkoitus ja toimintamuodotSukuseuran tarkoituksena on selvitt\u00e4\u00e4 Lapuan Erkkil\u00e4n suvun vaiheita ja historiaa, vaalia niihin liittyvi\u00e4 perinteit\u00e4 ja edist\u00e4\u00e4 yhteenkuuluvuuden tunnetta suvun j\u00e4senten keskuudessa sek\u00e4 tehd\u00e4 [&hellip;]<\/p>\n","protected":false},"author":1,"featured_media":0,"parent":0,"menu_order":0,"comment_status":"closed","ping_status":"closed","template":"","meta":{"footnotes":""},"class_list":["post-57","page","type-page","status-publish","hentry"],"_links":{"self":[{"href":"https:\/\/www.erkkilansuku.fi\/index.php\/wp-json\/wp\/v2\/pages\/57","targetHints":{"allow":["GET"]}}],"collection":[{"href":"https:\/\/www.erkkilansuku.fi\/index.php\/wp-json\/wp\/v2\/pages"}],"about":[{"href":"https:\/\/www.erkkilansuku.fi\/index.php\/wp-json\/wp\/v2\/types\/page"}],"author":[{"embeddable":true,"href":"https:\/\/www.erkkilansuku.fi\/index.php\/wp-json\/wp\/v2\/users\/1"}],"replies":[{"embeddable":true,"href":"https:\/\/www.erkkilansuku.fi\/index.php\/wp-json\/wp\/v2\/comments?post=57"}],"version-history":[{"count":3,"href":"https:\/\/www.erkkilansuku.fi\/index.php\/wp-json\/wp\/v2\/pages\/57\/revisions"}],"predecessor-version":[{"id":174,"href":"https:\/\/www.erkkilansuku.fi\/index.php\/wp-json\/wp\/v2\/pages\/57\/revisions\/174"}],"wp:attachment":[{"href":"https:\/\/www.erkkilansuku.fi\/index.php\/wp-json\/wp\/v2\/media?parent=57"}],"curies":[{"name":"wp","href":"https:\/\/api.w.org\/{rel}","templated":true}]}}