{"id":51,"date":"2016-03-10T11:29:28","date_gmt":"2016-03-10T09:29:28","guid":{"rendered":"https:\/\/www.erkkilansuku.fi\/?page_id=51"},"modified":"2022-10-26T09:41:33","modified_gmt":"2022-10-26T06:41:33","slug":"sukujuhla","status":"publish","type":"page","link":"https:\/\/www.erkkilansuku.fi\/index.php\/sukujuhla\/","title":{"rendered":"Sukujuhla"},"content":{"rendered":"<div id=\"pl-51\"  class=\"panel-layout\" ><div id=\"pg-51-0\"  class=\"panel-grid panel-no-style\" ><div id=\"pgc-51-0-0\"  class=\"panel-grid-cell\" ><div id=\"panel-51-0-0-0\" class=\"so-panel widget widget_sow-editor panel-first-child panel-last-child\" data-index=\"0\" ><div\n\t\t\t\n\t\t\tclass=\"so-widget-sow-editor so-widget-sow-editor-base\"\n\t\t\t\n\t\t><h3 class=\"widget-title\">Sukujuhla<\/h3>\n<div class=\"siteorigin-widget-tinymce textwidget\">\n\t<p>Sukujuhla j\u00e4rjestettiin 23.7. 2022 Kauhavan Lentohotellilla.<\/p>\n<p><a href=\"https:\/\/www.erkkilansuku.fi\/wp-content\/uploads\/2022\/04\/3.jpg\"><img loading=\"lazy\" decoding=\"async\" class=\"alignnone size-full wp-image-568\" src=\"https:\/\/www.erkkilansuku.fi\/wp-content\/uploads\/2022\/04\/3.jpg\" alt=\"\" width=\"1414\" height=\"2000\" srcset=\"https:\/\/www.erkkilansuku.fi\/wp-content\/uploads\/2022\/04\/3.jpg 1414w, https:\/\/www.erkkilansuku.fi\/wp-content\/uploads\/2022\/04\/3-212x300.jpg 212w, https:\/\/www.erkkilansuku.fi\/wp-content\/uploads\/2022\/04\/3-724x1024.jpg 724w, https:\/\/www.erkkilansuku.fi\/wp-content\/uploads\/2022\/04\/3-768x1086.jpg 768w, https:\/\/www.erkkilansuku.fi\/wp-content\/uploads\/2022\/04\/3-1086x1536.jpg 1086w, https:\/\/www.erkkilansuku.fi\/wp-content\/uploads\/2022\/04\/3-816x1154.jpg 816w\" sizes=\"auto, (max-width: 1414px) 100vw, 1414px\" \/><\/a><\/p>\n<p>Kiitos kaikille mukana olleille. Kuvia sukujuhlilta l\u00f6ytyy tuolta: <a href=\"https:\/\/www.erkkilansuku.fi\/index.php\/bwg_gallery\/sukujuhla-2022\/?bwg-preview-type=thumbnails\">Kuvia<\/a><\/p>\n<p>&nbsp;<\/p>\n<p>&nbsp;<\/p>\n<p><span style=\"font-size: medium;\">Sit\u00e4 edellinen, Erkkil\u00e4n suvun XIII sukujuhla pidettiin Lapuan Tiistenjoella Luhurikan lavalla lauantaina 22.7.2017.<br \/>\n<\/span><\/p>\n<div id=\"attachment_345\" style=\"width: 610px\" class=\"wp-caption alignnone\"><a href=\"https:\/\/www.erkkilansuku.fi\/index.php\/kuvia-sukujuhlilta-2017\/\"><img aria-describedby=\"caption-attachment-345\" loading=\"lazy\" decoding=\"async\" class=\"size-full wp-image-345\" src=\"https:\/\/www.erkkilansuku.fi\/wp-content\/uploads\/2016\/03\/sukujuhla2017.jpg\" alt=\"\" width=\"600\" height=\"375\" srcset=\"https:\/\/www.erkkilansuku.fi\/wp-content\/uploads\/2016\/03\/sukujuhla2017.jpg 600w, https:\/\/www.erkkilansuku.fi\/wp-content\/uploads\/2016\/03\/sukujuhla2017-300x188.jpg 300w\" sizes=\"auto, (max-width: 600px) 100vw, 600px\" \/><\/a><p id=\"caption-attachment-345\" class=\"wp-caption-text\"><a href=\"https:\/\/www.erkkilansuku.fi\/index.php\/kuvia-sukujuhlilta-2017\/\">Kuvia sukujuhlilta vuonna 2017 Lapuan Tiistenjoella.<\/a><\/p><\/div>\n<p>&nbsp;<\/p>\n<\/div>\n<\/div><\/div><\/div><\/div><\/div>","protected":false},"excerpt":{"rendered":"<p>Sukujuhla j\u00e4rjestettiin 23.7. 2022 Kauhavan Lentohotellilla. Kiitos kaikille mukana olleille. Kuvia sukujuhlilta l\u00f6ytyy tuolta: Kuvia &nbsp; &nbsp; Sit\u00e4 edellinen, Erkkil\u00e4n suvun XIII sukujuhla pidettiin Lapuan Tiistenjoella Luhurikan lavalla lauantaina 22.7.2017. &nbsp;<\/p>\n","protected":false},"author":1,"featured_media":0,"parent":0,"menu_order":0,"comment_status":"closed","ping_status":"closed","template":"","meta":{"footnotes":""},"class_list":["post-51","page","type-page","status-publish","hentry"],"_links":{"self":[{"href":"https:\/\/www.erkkilansuku.fi\/index.php\/wp-json\/wp\/v2\/pages\/51","targetHints":{"allow":["GET"]}}],"collection":[{"href":"https:\/\/www.erkkilansuku.fi\/index.php\/wp-json\/wp\/v2\/pages"}],"about":[{"href":"https:\/\/www.erkkilansuku.fi\/index.php\/wp-json\/wp\/v2\/types\/page"}],"author":[{"embeddable":true,"href":"https:\/\/www.erkkilansuku.fi\/index.php\/wp-json\/wp\/v2\/users\/1"}],"replies":[{"embeddable":true,"href":"https:\/\/www.erkkilansuku.fi\/index.php\/wp-json\/wp\/v2\/comments?post=51"}],"version-history":[{"count":41,"href":"https:\/\/www.erkkilansuku.fi\/index.php\/wp-json\/wp\/v2\/pages\/51\/revisions"}],"predecessor-version":[{"id":595,"href":"https:\/\/www.erkkilansuku.fi\/index.php\/wp-json\/wp\/v2\/pages\/51\/revisions\/595"}],"wp:attachment":[{"href":"https:\/\/www.erkkilansuku.fi\/index.php\/wp-json\/wp\/v2\/media?parent=51"}],"curies":[{"name":"wp","href":"https:\/\/api.w.org\/{rel}","templated":true}]}}