{"id":48,"date":"2016-03-10T11:28:42","date_gmt":"2016-03-10T09:28:42","guid":{"rendered":"https:\/\/www.erkkilansuku.fi\/?page_id=48"},"modified":"2025-12-22T18:47:12","modified_gmt":"2025-12-22T16:47:12","slug":"tarinat","status":"publish","type":"page","link":"https:\/\/www.erkkilansuku.fi\/index.php\/tarinat\/","title":{"rendered":"Tarinat"},"content":{"rendered":"<div id=\"pl-48\"  class=\"panel-layout\" ><div id=\"pg-48-0\"  class=\"panel-grid panel-no-style\" ><div id=\"pgc-48-0-0\"  class=\"panel-grid-cell\" ><div id=\"panel-48-0-0-0\" class=\"so-panel widget widget_sow-editor panel-first-child panel-last-child\" data-index=\"0\" ><div\n\t\t\t\n\t\t\tclass=\"so-widget-sow-editor so-widget-sow-editor-base\"\n\t\t\t\n\t\t><h3 class=\"widget-title\">Tarinat<\/h3>\n<div class=\"siteorigin-widget-tinymce textwidget\">\n\t<p><a href=\"https:\/\/www.erkkilansuku.fi\/wp-content\/uploads\/2016\/03\/DNA_ja_sukututkimus.pdf\" target=\"_blank\" rel=\"noopener\">DNA ja sukututkimus<\/a><\/p>\n<p><a href=\"https:\/\/www.erkkilansuku.fi\/wp-content\/uploads\/2016\/03\/suvun_geneettinen_alkupera.pdf\" target=\"_blank\" rel=\"noopener\">Suvun geneettinen alkuper\u00e4<\/a><br \/>\n<a href=\"https:\/\/www.erkkilansuku.fi\/index.php\/puumerkki\/\">Erkkil\u00e4n suvun logo<\/a><\/p>\n<p><a href=\"https:\/\/www.erkkilansuku.fi\/wp-content\/uploads\/2017\/12\/Esivanhemmat.pdf\">Suvun kantavanhemmat Jaakko ja Helga<\/a><\/p>\n<p><a href=\"https:\/\/www.erkkilansuku.fi\/wp-content\/uploads\/2025\/12\/Fossin_syytinkisopimus_1779.pdf\">Fossin syytinkisopimus vuodelta 1779<\/a><\/p>\n<p><a href=\"https:\/\/www.erkkilansuku.fi\/index.php\/erkkilankyla\/\">Erkkil\u00e4n kyl\u00e4n historiaa ja nykyp\u00e4iv\u00e4\u00e4<\/a><br \/>\n<a href=\"https:\/\/www.erkkilansuku.fi\/wp-content\/uploads\/2016\/03\/Maki-Erkkila.pdf\">M\u00e4ki-Erkkil\u00e4t is\u00e4nn\u00f6iv\u00e4t ensimm\u00e4isi\u00e4 sukujuhlia<\/a><br \/>\n<a href=\"https:\/\/www.erkkilansuku.fi\/index.php\/aune-setala\/\">Muistoja Aune Set\u00e4l\u00e4n el\u00e4m\u00e4st\u00e4<\/a><br \/>\n<a href=\"https:\/\/www.erkkilansuku.fi\/index.php\/eino-seppala\/\">Henkil\u00f6kuva Eino Sepp\u00e4l\u00e4st\u00e4<\/a><br \/>\n<a href=\"https:\/\/www.erkkilansuku.fi\/wp-content\/uploads\/2016\/03\/Mikko_Paloniemi.pdf\">Suvun vanhin\u00a0Mikko Paloniemi<\/a><br \/>\n<a href=\"https:\/\/www.erkkilansuku.fi\/wp-content\/uploads\/2016\/03\/Rehtori_Paavo_Huhtala.pdf\" target=\"_blank\" rel=\"noopener\">Rehtori Paavo Huhtala<\/a><\/p>\n<p><a href=\"https:\/\/www.erkkilansuku.fi\/wp-content\/uploads\/2017\/12\/E_A_Turja.pdf\">E. A. Turja<\/a><\/p>\n<p><a href=\"https:\/\/www.erkkilansuku.fi\/wp-content\/uploads\/2021\/06\/Pentti-Kullervo-Hissa.pdf\">Pentti Kullervo Hissa<\/a><\/p>\n<p><a href=\"https:\/\/www.erkkilansuku.fi\/index.php\/jaakko-numminen\/\">Ministeri Jaakko Numminen<\/a><\/p>\n<p><a href=\"https:\/\/www.erkkilansuku.fi\/wp-content\/uploads\/2019\/12\/Matti_Turja.pdf\">Matti Turja<\/a><\/p>\n<p><a href=\"https:\/\/www.erkkilansuku.fi\/wp-content\/uploads\/2020\/12\/Matti_Nieminen.pdf\">Matti Nieminen<\/a><\/p>\n<p><a href=\"https:\/\/www.erkkilansuku.fi\/wp-content\/uploads\/2018\/12\/Pentti_Erkkila.pdf\">Pentti Erkkil\u00e4<\/a><\/p>\n<p><a href=\"https:\/\/www.erkkilansuku.fi\/wp-content\/uploads\/2018\/12\/Aleksi-Alakarhu.pdf\">Aleksi Alakarhu<\/a><\/p>\n<p><a href=\"https:\/\/www.erkkilansuku.fi\/wp-content\/uploads\/2022\/12\/Suvun_vanhin.pdf\">Matti Ojanper\u00e4<\/a><\/p>\n<p>&nbsp;<\/p>\n<\/div>\n<\/div><\/div><\/div><\/div><\/div>","protected":false},"excerpt":{"rendered":"<p>DNA ja sukututkimus Suvun geneettinen alkuper\u00e4 Erkkil\u00e4n suvun logo Suvun kantavanhemmat Jaakko ja Helga Fossin syytinkisopimus vuodelta 1779 Erkkil\u00e4n kyl\u00e4n historiaa ja nykyp\u00e4iv\u00e4\u00e4 M\u00e4ki-Erkkil\u00e4t is\u00e4nn\u00f6iv\u00e4t ensimm\u00e4isi\u00e4 sukujuhlia Muistoja Aune Set\u00e4l\u00e4n el\u00e4m\u00e4st\u00e4 Henkil\u00f6kuva Eino Sepp\u00e4l\u00e4st\u00e4 Suvun vanhin\u00a0Mikko Paloniemi Rehtori Paavo Huhtala E. A. Turja Pentti Kullervo Hissa Ministeri Jaakko Numminen Matti Turja Matti Nieminen Pentti Erkkil\u00e4 [&hellip;]<\/p>\n","protected":false},"author":1,"featured_media":0,"parent":0,"menu_order":0,"comment_status":"closed","ping_status":"closed","template":"","meta":{"footnotes":""},"class_list":["post-48","page","type-page","status-publish","hentry"],"_links":{"self":[{"href":"https:\/\/www.erkkilansuku.fi\/index.php\/wp-json\/wp\/v2\/pages\/48","targetHints":{"allow":["GET"]}}],"collection":[{"href":"https:\/\/www.erkkilansuku.fi\/index.php\/wp-json\/wp\/v2\/pages"}],"about":[{"href":"https:\/\/www.erkkilansuku.fi\/index.php\/wp-json\/wp\/v2\/types\/page"}],"author":[{"embeddable":true,"href":"https:\/\/www.erkkilansuku.fi\/index.php\/wp-json\/wp\/v2\/users\/1"}],"replies":[{"embeddable":true,"href":"https:\/\/www.erkkilansuku.fi\/index.php\/wp-json\/wp\/v2\/comments?post=48"}],"version-history":[{"count":20,"href":"https:\/\/www.erkkilansuku.fi\/index.php\/wp-json\/wp\/v2\/pages\/48\/revisions"}],"predecessor-version":[{"id":715,"href":"https:\/\/www.erkkilansuku.fi\/index.php\/wp-json\/wp\/v2\/pages\/48\/revisions\/715"}],"wp:attachment":[{"href":"https:\/\/www.erkkilansuku.fi\/index.php\/wp-json\/wp\/v2\/media?parent=48"}],"curies":[{"name":"wp","href":"https:\/\/api.w.org\/{rel}","templated":true}]}}