{"id":42,"date":"2016-03-10T11:28:25","date_gmt":"2016-03-10T09:28:25","guid":{"rendered":"https:\/\/www.erkkilansuku.fi\/?page_id=42"},"modified":"2016-03-29T11:07:54","modified_gmt":"2016-03-29T08:07:54","slug":"toiminta","status":"publish","type":"page","link":"https:\/\/www.erkkilansuku.fi\/index.php\/toiminta\/","title":{"rendered":"Toiminta"},"content":{"rendered":"<div id=\"pl-42\"  class=\"panel-layout\" ><div id=\"pg-42-0\"  class=\"panel-grid panel-no-style\" ><div id=\"pgc-42-0-0\"  class=\"panel-grid-cell\" ><div id=\"panel-42-0-0-0\" class=\"so-panel widget widget_sow-editor panel-first-child panel-last-child\" data-index=\"0\" ><div\n\t\t\t\n\t\t\tclass=\"so-widget-sow-editor so-widget-sow-editor-base\"\n\t\t\t\n\t\t><h3 class=\"widget-title\">Toiminta<\/h3>\n<div class=\"siteorigin-widget-tinymce textwidget\">\n\t<p>Sukuseuran n\u00e4kyvin toiminta on sukujuhlien j\u00e4rjest\u00e4minen.<\/p>\n<p>Sukutietokannan yll\u00e4pit\u00e4minen ja siit\u00e4 laaditun sukukirjan julkaiseminen on t\u00e4rke\u00e4 teht\u00e4v\u00e4.<\/p>\n<p>Muita myyt\u00e4vi\u00e4 tuotteita ovat viirit ja pinssit. Niit\u00e4 on helpoin hankkia sukujuhlissa.<\/p>\n<p>Sukuyhteytt\u00e4 yritet\u00e4\u00e4n edist\u00e4\u00e4 my\u00f6s sosiaalisessa mediassa: suvulla on yhteinen keskusteluryhm\u00e4 Facebookissa: <a href=\"https:\/\/www.facebook.com\/groups\/561050667380971\/\" target=\"_blank\">Tervetuloa<\/a> mukaan!<\/p>\n<\/div>\n<\/div><\/div><\/div><\/div><\/div>","protected":false},"excerpt":{"rendered":"<p>Sukuseuran n\u00e4kyvin toiminta on sukujuhlien j\u00e4rjest\u00e4minen.Sukutietokannan yll\u00e4pit\u00e4minen ja siit\u00e4 laaditun sukukirjan julkaiseminen on t\u00e4rke\u00e4 teht\u00e4v\u00e4.Muita myyt\u00e4vi\u00e4 tuotteita ovat viirit ja pinssit. Niit\u00e4 on helpoin hankkia sukujuhlissa.Sukuyhteytt\u00e4 yritet\u00e4\u00e4n edist\u00e4\u00e4 my\u00f6s sosiaalisessa mediassa: suvulla on yhteinen keskusteluryhm\u00e4 Facebookissa: Tervetuloa mukaan!<\/p>\n","protected":false},"author":1,"featured_media":0,"parent":0,"menu_order":0,"comment_status":"closed","ping_status":"closed","template":"","meta":{"footnotes":""},"class_list":["post-42","page","type-page","status-publish","hentry"],"_links":{"self":[{"href":"https:\/\/www.erkkilansuku.fi\/index.php\/wp-json\/wp\/v2\/pages\/42","targetHints":{"allow":["GET"]}}],"collection":[{"href":"https:\/\/www.erkkilansuku.fi\/index.php\/wp-json\/wp\/v2\/pages"}],"about":[{"href":"https:\/\/www.erkkilansuku.fi\/index.php\/wp-json\/wp\/v2\/types\/page"}],"author":[{"embeddable":true,"href":"https:\/\/www.erkkilansuku.fi\/index.php\/wp-json\/wp\/v2\/users\/1"}],"replies":[{"embeddable":true,"href":"https:\/\/www.erkkilansuku.fi\/index.php\/wp-json\/wp\/v2\/comments?post=42"}],"version-history":[{"count":4,"href":"https:\/\/www.erkkilansuku.fi\/index.php\/wp-json\/wp\/v2\/pages\/42\/revisions"}],"predecessor-version":[{"id":160,"href":"https:\/\/www.erkkilansuku.fi\/index.php\/wp-json\/wp\/v2\/pages\/42\/revisions\/160"}],"wp:attachment":[{"href":"https:\/\/www.erkkilansuku.fi\/index.php\/wp-json\/wp\/v2\/media?parent=42"}],"curies":[{"name":"wp","href":"https:\/\/api.w.org\/{rel}","templated":true}]}}