{"id":208,"date":"2016-03-29T14:13:49","date_gmt":"2016-03-29T11:13:49","guid":{"rendered":"https:\/\/www.erkkilansuku.fi\/?page_id=208"},"modified":"2016-04-25T11:59:34","modified_gmt":"2016-04-25T08:59:34","slug":"erkkilankyla","status":"publish","type":"page","link":"https:\/\/www.erkkilansuku.fi\/index.php\/erkkilankyla\/","title":{"rendered":"Erkkil\u00e4nkyl\u00e4"},"content":{"rendered":"<div id=\"pl-208\"  class=\"panel-layout\" ><div id=\"pg-208-0\"  class=\"panel-grid panel-no-style\" ><div id=\"pgc-208-0-0\"  class=\"panel-grid-cell\" ><div id=\"panel-208-0-0-0\" class=\"so-panel widget widget_sow-editor panel-first-child\" data-index=\"0\" ><div\n\t\t\t\n\t\t\tclass=\"so-widget-sow-editor so-widget-sow-editor-base\"\n\t\t\t\n\t\t><h3 class=\"widget-title\">Erkkil\u00e4n kyl\u00e4n historiaa ja nykyp\u00e4iv\u00e4\u00e4<\/h3>\n<div class=\"siteorigin-widget-tinymce textwidget\">\n\t<p>Suvun kantais\u00e4 Jaakko Juhonpoika Erkkil\u00e4 (s1617)on asustellut Helgansa kanssa (s 1625) Lapuanjoki varressa Lapuan Haapakoskella noin 3 km nykyisest\u00e4 Sein\u00e4j\u00f6ki - Uusikaarlepyy -tiest\u00e4 Kuortaneelle p\u00e4in joen etel\u00e4 puolella. He is\u00e4nn\u00f6iv\u00e4t silloiselta kirkkoherra Gronoviukselta ostamaansa tilaa Lapuan Historian mukaan 1645-1675. Sitten seurasikin Erkkil\u00e4n historiassa ajanjakso, jolloin is\u00e4nnyys vaihtui hyvinkin tiuhaan, kunnes tuli pysyv\u00e4mpi ajanjakso. T\u00e4h\u00e4n vajaaseen 50 vuoteen mahtuu 7 is\u00e4nt\u00e4\u00e4, kuitenkin kaikki Erkkil\u00f6it\u00e4 joko miehen tai vaimon puolelta. Matti Yrj\u00f6npoika is\u00e4nn\u00f6i Reettansa (Marketta) kanssa taloa vuosina 1722-1770. Aivan ilmeisesti heid\u00e4n j\u00e4lkeens\u00e4 Erkkil\u00e4 jaettiin kolmeksi, sill\u00e4 seuraavassa polvessa is\u00e4nt\u00e4parina oli Matti Martinpoika Yli-Erkkil\u00e4 ja vaimonsa Liisa Kustaantyt\u00e4r, Yli-Erkkil\u00e4n is\u00e4nt\u00e4ketjussa. T\u00e4ss\u00e4 jaossa syntyi Ala-Erkkil\u00e4, M\u00e4ki-Erkkil\u00e4 ja Yli-Erkkil\u00e4. N\u00e4iden kolmen Erkkil\u00e4n puumerkit ovat Haapakosken Oltermannin sauvassa vuodelta 1815, mik\u00e4 selitt\u00e4\u00e4 jaon ennen vuotta 1815. Puumerkkien mukaan Ala-Erkkil\u00e4 j\u00e4i kantataloksi ja j\u00e4i my\u00f6skin entiselle paikalleen ja s\u00e4ilytti kantatalon aseman. M\u00e4ki-Erkkil\u00e4 rakennettiin joelta katsottuna m\u00e4elle samalle kohtaa jokeen n\u00e4hden. M\u00e4ki-Erkkil\u00e4 seisoo t\u00e4ll\u00e4 paikalla ylv\u00e4\u00e4n\u00e4 edelleen, tosin p\u00e4\u00e4rakennus on kertaalleen tehty uudelleen ja nykyinen p\u00e4\u00e4rakennus on 1800-luvun puolesta v\u00e4list\u00e4, alkujaan se oli yksi kerroksinen.<\/p>\n<p><a href=\"https:\/\/www.erkkilansuku.fi\/wp-content\/uploads\/2016\/03\/makierkkila.jpg\" rel=\"attachment wp-att-209\"><img loading=\"lazy\" decoding=\"async\" class=\"alignnone size-full wp-image-209\" src=\"https:\/\/www.erkkilansuku.fi\/wp-content\/uploads\/2016\/03\/makierkkila.jpg\" alt=\"makierkkila\" width=\"1472\" height=\"511\" \/><\/a><\/p>\n<p>M\u00e4ki-Erkkil\u00e4<\/p>\n<p>Mainittakoon, ett\u00e4 logonamme k\u00e4ytt\u00e4m\u00e4 puumerkki on M\u00e4ki-Erkkil\u00e4n puumerkki t\u00e4lt\u00e4 ajalta. Yli-Erkkil\u00e4 rakennettiin joen virtaaman mukaan yl\u00e4juoksulle p\u00e4in joen rantaan, josta nimitys Yli-Erkkil\u00e4 on per\u00e4isin, vaikkakin Ala-Erkkil\u00e4n ja Yli-Erkkil\u00e4n v\u00e4li\u00e4 oli vain muutama kymmenen metri\u00e4. Ala-Erkkil\u00e4 sijaitsi t\u00e4ll\u00e4 paikalla 1970 luvulle asti. Ala-Erkkil\u00e4t muuttivat l\u00e4hemm\u00e4ksi maantiet\u00e4 1940 taloon, joka oli alkujaan tullut tilakauppojen mukana ja jota oli korjattu ja rakennettu, kun Ala-Erkkil\u00e4ss\u00e4 oli kaksi veljest\u00e4 perheineen. Nyt sodan aikana t\u00e4m\u00e4 talo oli v\u00e4hempi kunnostusta vaativa ja l\u00e4hemp\u00e4n\u00e4 maantiet\u00e4 ja molemmat talot olivat samalla perheell\u00e4, niin Ala-Erkkil\u00e4 siirtyi nykyiselle paikalleen reilun puolen kilometri\u00e4 Kuortaneelle p\u00e4in. Tuolloin 1970- luvun alussa vanha Ala-Erkkil\u00e4 purettiin p\u00e4\u00e4osin, nykyisin t\u00e4ll\u00e4 paikalla sijaitsee kunniapuheenjohtajamme kes\u00e4asunto. Yli-Erkkil\u00e4n rakennukset ovat viel\u00e4 paikallaan. M\u00e4ki-Erkkil\u00e4st\u00e4 on erotettu Uusi-Erkkil\u00e4 vuoden 1880 tienoilla. Uusi-Erkkil\u00e4 oli rakennettu M\u00e4ki-Erkkil\u00e4n viereiselle nyppyl\u00e4lle, paikkaan jossa on nykyisin Juha M\u00e4en perheen talo. Uusi Erkkil\u00e4 on alkujaan lohkottu Yli-Erkkil\u00e4st\u00e4, mutta perillisten puutteessa se oli myyty M\u00e4ki-Erkkil\u00e4\u00e4n. Silloinen p\u00e4\u00e4rakennus siirtyi my\u00f6hemm\u00e4ss\u00e4 jaossa Amanda Mantereen (os. Erkkil\u00e4) omistukseen ja siirrettiin aikaisemmin rakennetun riihirakennuksen viereen 1920-luvun lopulla ja korjattiin asuink\u00e4ytt\u00f6\u00f6n pitk\u00e4n tyhjill\u00e4\u00e4n olon j\u00e4lkeen v.1950. Talo on paikallaan ja siell\u00e4 pidettiin sukumme kymmenennet sukujuhlat v.2002.<\/p>\n<p><a href=\"https:\/\/www.erkkilansuku.fi\/wp-content\/uploads\/2016\/03\/alaerkkila-2.jpg\" rel=\"attachment wp-att-210\"><img loading=\"lazy\" decoding=\"async\" class=\"alignnone size-full wp-image-210\" src=\"https:\/\/www.erkkilansuku.fi\/wp-content\/uploads\/2016\/03\/alaerkkila-2.jpg\" alt=\"alaerkkila-2\" width=\"600\" height=\"268\" \/><\/a><\/p>\n<p>Nykyinen Ala-Erkkil\u00e4 (ilmakuvassa Ali-Ampiala)<\/p>\n<p><a href=\"https:\/\/www.erkkilansuku.fi\/wp-content\/uploads\/2016\/03\/alaerkkila.jpg\" rel=\"attachment wp-att-211\"><img loading=\"lazy\" decoding=\"async\" class=\"alignnone size-full wp-image-211\" src=\"https:\/\/www.erkkilansuku.fi\/wp-content\/uploads\/2016\/03\/alaerkkila.jpg\" alt=\"alaerkkila\" width=\"600\" height=\"268\" \/><\/a><\/p>\n<p>ja vanha Ala-Erkkil\u00e4<\/p>\n<p><a href=\"https:\/\/www.erkkilansuku.fi\/wp-content\/uploads\/2016\/03\/ylierkkila.jpg\" rel=\"attachment wp-att-212\"><img loading=\"lazy\" decoding=\"async\" class=\"alignnone size-full wp-image-212\" src=\"https:\/\/www.erkkilansuku.fi\/wp-content\/uploads\/2016\/03\/ylierkkila.jpg\" alt=\"ylierkkila\" width=\"1470\" height=\"980\" \/><\/a><\/p>\n<p>Yli-Erkkil\u00e4<\/p>\n<p><strong>Uusi-Erkkil\u00e4 nykyisell\u00e4 paikalla ( Mantere)<\/strong><\/p>\n<p>Yli-Erkkil\u00e4 jaettiin v.1910 ja siit\u00e4 lohkottiin Latva-Erkkil\u00e4. Latva-Erkkil\u00e4 rakennettiin uuteen paikkaan samalle kohtaa jokeen n\u00e4hden, mutta maantien latvan puolelle, niin kuin nimest\u00e4 voi p\u00e4\u00e4tell\u00e4. Latva-Erkkil\u00e4 on paikallaan ja siell\u00e4 sijaitsee nyky\u00e4\u00e4n Savipaja Lintukoto. Uudempina taloina Erkkil\u00e4n kyl\u00e4ss\u00e4 on Matti ja Kaarina Erkkil\u00e4n talo Ala-Erkkil\u00e4n mailla ja Seppo ja Erja Mantereen talo Uusi-Erkkil\u00e4n mailla, molemmat talot on rakennettu 1980-luvun lopulla ja ovat maantien varressa parinsadan metrin p\u00e4\u00e4ss\u00e4 toisistaan. Erkkil\u00e4n kyl\u00e4 on vahvistunut edelleen, jokirantaan on valmistunut Jarmo ja Merita Katteluksen talo M\u00e4ki-Erkkil\u00e4n maille vuonna 2010. Erkkil\u00e4n kyl\u00e4 on edelleen t\u00e4ydentym\u00e4ss\u00e4 uusilla asukkailla, kun Suvi (os. Erkkil\u00e4) ja Jarmo Rahnasto p\u00e4\u00e4sev\u00e4t muuttamaan perheineen rakenteilla olevaan taloonsa M\u00e4ki-Erkkil\u00e4n tien varteen, M\u00e4ki-Erkkil\u00e4st\u00e4 parisataa metri\u00e4 eteenp\u00e4in.<\/p>\n<p>N\u00e4m\u00e4 edell\u00e4 kerrotut talot samassa ryhm\u00e4ss\u00e4 ovat kaikki erkkil\u00e4isi\u00e4 ja Erkkil\u00e4n sukua, paitsi M\u00e4en talon asukkaat ovat muuta sukua ja nykyinen Ala-Erkkil\u00e4 on Fossinm\u00e4en toisella puolella. M\u00e4ki-Erkkil\u00e4ss\u00e4 on pidetty ensimm\u00e4iset Erkkil\u00e4n suvun sukujuhlat v. 1937. Varmasti suvun kantatilan yhdist\u00e4minen M\u00e4ki-Erkkil\u00e4\u00e4n johtuu osaksi t\u00e4st\u00e4 ja onhan M\u00e4ki-Erkkil\u00e4 kaikkien n\u00e4ht\u00e4viss\u00e4 jo kaukaa ja sopii komeana talonpoikaistalona sukumme esikuvaksi, vaikka se onkin 100 vuotta Jaakko Juhonpoikaa uudemmalta ajalta.<\/p>\n<p><a href=\"https:\/\/www.erkkilansuku.fi\/wp-content\/uploads\/2016\/03\/uusierkkila.jpg\" rel=\"attachment wp-att-213\"><img loading=\"lazy\" decoding=\"async\" class=\"alignnone size-full wp-image-213\" src=\"https:\/\/www.erkkilansuku.fi\/wp-content\/uploads\/2016\/03\/uusierkkila.jpg\" alt=\"uusierkkila\" width=\"2000\" height=\"1082\" \/><\/a><\/p>\n<p>Uusi-Erkkil\u00e4 nykyisell\u00e4 paikalla ( Mantere, ilmakuvassa Alanen)<\/p>\n<p><a href=\"https:\/\/www.erkkilansuku.fi\/wp-content\/uploads\/2016\/03\/latvaerkkila.jpg\" rel=\"attachment wp-att-214\"><img loading=\"lazy\" decoding=\"async\" class=\"alignnone size-full wp-image-214\" src=\"https:\/\/www.erkkilansuku.fi\/wp-content\/uploads\/2016\/03\/latvaerkkila.jpg\" alt=\"latvaerkkila\" width=\"600\" height=\"346\" \/><\/a><\/p>\n<p>Latva-Erkkil\u00e4 (Savipaja Lintukoto)<\/p>\n<p><strong>Erkkil\u00e4n kyl\u00e4n uudempia taloja<\/strong><\/p>\n<p><a href=\"https:\/\/www.erkkilansuku.fi\/wp-content\/uploads\/2016\/03\/mjakerkkila.jpg\" rel=\"attachment wp-att-215\"><img loading=\"lazy\" decoding=\"async\" class=\"alignnone size-full wp-image-215\" src=\"https:\/\/www.erkkilansuku.fi\/wp-content\/uploads\/2016\/03\/mjakerkkila.jpg\" alt=\"mjakerkkila\" width=\"1471\" height=\"704\" \/><\/a><\/p>\n<p>Matti ja Kaarina Erkkil\u00e4<\/p>\n<p><a href=\"https:\/\/www.erkkilansuku.fi\/wp-content\/uploads\/2016\/03\/sjaemantere.jpg\" rel=\"attachment wp-att-216\"><img loading=\"lazy\" decoding=\"async\" class=\"alignnone size-full wp-image-216\" src=\"https:\/\/www.erkkilansuku.fi\/wp-content\/uploads\/2016\/03\/sjaemantere.jpg\" alt=\"sjaemantere\" width=\"1485\" height=\"713\" \/><\/a><\/p>\n<p>Seppo ja Erja Mantere<\/p>\n<p><a href=\"https:\/\/www.erkkilansuku.fi\/wp-content\/uploads\/2016\/03\/jjakkattelus.jpg\" rel=\"attachment wp-att-217\"><img loading=\"lazy\" decoding=\"async\" class=\"alignnone size-full wp-image-217\" src=\"https:\/\/www.erkkilansuku.fi\/wp-content\/uploads\/2016\/03\/jjakkattelus.jpg\" alt=\"jjakkattelus\" width=\"1473\" height=\"644\" \/><\/a><\/p>\n<p>Jarmo ja Merita Kattelus<\/p>\n<p><a href=\"https:\/\/www.erkkilansuku.fi\/wp-content\/uploads\/2016\/03\/oltermannin.jpg\" rel=\"attachment wp-att-218\"><img loading=\"lazy\" decoding=\"async\" class=\"alignnone size-full wp-image-218\" src=\"https:\/\/www.erkkilansuku.fi\/wp-content\/uploads\/2016\/03\/oltermannin.jpg\" alt=\"oltermannin\" width=\"981\" height=\"466\" \/><\/a><\/p>\n<p>Kuva oltermannin sauvasta, jossa Erkkil\u00e4n puumerkit<\/p>\n<p>Katsauksen ker\u00e4si Antti Mantere, l\u00e4htein\u00e4 Lapuan Historia I; Erkkil\u00e4n Sukukirja ja Maatalouskeskusten liiton sukutilataulu Latva-Erkkil\u00e4st\u00e4. Valokuvat Timo Erkkil\u00e4, Antti Mantere, Heikki Alakarhu ja Teija Saari.<\/p>\n<p>Ilmakuva Erkkil\u00e4n kyl\u00e4st\u00e4:<\/p>\n<\/div>\n<\/div><\/div><div id=\"panel-208-0-0-1\" class=\"so-panel widget widget_text panel-last-child\" data-index=\"1\" >\t\t\t<div class=\"textwidget\"><P STYLE=\"margin-bottom: 0.35cm\">Ilmakuva Erkkil\u00e4n kyl\u00e4st\u00e4:<\/P>\n<iframe src=\"http:\/\/www.paikkatietoikkuna.fi\/published\/fi\/8276\"><\/iframe>\n<P STYLE=\"margin-bottom: 0.35cm\">&nbsp;\n<\/P><\/div>\n\t\t<\/div><\/div><\/div><\/div>","protected":false},"excerpt":{"rendered":"<p>Suvun kantais\u00e4 Jaakko Juhonpoika Erkkil\u00e4 (s1617)on asustellut Helgansa kanssa (s 1625) Lapuanjoki varressa Lapuan Haapakoskella noin 3 km nykyisest\u00e4 Sein\u00e4j\u00f6ki &#8211; Uusikaarlepyy -tiest\u00e4 Kuortaneelle p\u00e4in joen etel\u00e4 puolella. He is\u00e4nn\u00f6iv\u00e4t silloiselta kirkkoherra Gronoviukselta ostamaansa tilaa Lapuan Historian mukaan 1645-1675. Sitten seurasikin Erkkil\u00e4n historiassa ajanjakso, jolloin is\u00e4nnyys vaihtui hyvinkin tiuhaan, kunnes tuli pysyv\u00e4mpi ajanjakso. T\u00e4h\u00e4n vajaaseen [&hellip;]<\/p>\n","protected":false},"author":1,"featured_media":0,"parent":0,"menu_order":0,"comment_status":"closed","ping_status":"closed","template":"","meta":{"footnotes":""},"class_list":["post-208","page","type-page","status-publish","hentry"],"_links":{"self":[{"href":"https:\/\/www.erkkilansuku.fi\/index.php\/wp-json\/wp\/v2\/pages\/208","targetHints":{"allow":["GET"]}}],"collection":[{"href":"https:\/\/www.erkkilansuku.fi\/index.php\/wp-json\/wp\/v2\/pages"}],"about":[{"href":"https:\/\/www.erkkilansuku.fi\/index.php\/wp-json\/wp\/v2\/types\/page"}],"author":[{"embeddable":true,"href":"https:\/\/www.erkkilansuku.fi\/index.php\/wp-json\/wp\/v2\/users\/1"}],"replies":[{"embeddable":true,"href":"https:\/\/www.erkkilansuku.fi\/index.php\/wp-json\/wp\/v2\/comments?post=208"}],"version-history":[{"count":1,"href":"https:\/\/www.erkkilansuku.fi\/index.php\/wp-json\/wp\/v2\/pages\/208\/revisions"}],"predecessor-version":[{"id":220,"href":"https:\/\/www.erkkilansuku.fi\/index.php\/wp-json\/wp\/v2\/pages\/208\/revisions\/220"}],"wp:attachment":[{"href":"https:\/\/www.erkkilansuku.fi\/index.php\/wp-json\/wp\/v2\/media?parent=208"}],"curies":[{"name":"wp","href":"https:\/\/api.w.org\/{rel}","templated":true}]}}