{"id":103,"date":"2016-03-10T13:12:57","date_gmt":"2016-03-10T11:12:57","guid":{"rendered":"https:\/\/www.erkkilansuku.fi\/?page_id=103"},"modified":"2016-03-29T13:19:41","modified_gmt":"2016-03-29T10:19:41","slug":"sukutauluja","status":"publish","type":"page","link":"https:\/\/www.erkkilansuku.fi\/index.php\/sukutauluja\/","title":{"rendered":"Sukutauluja"},"content":{"rendered":"<div id=\"pl-103\"  class=\"panel-layout\" ><div id=\"pg-103-0\"  class=\"panel-grid panel-no-style\" ><div id=\"pgc-103-0-0\"  class=\"panel-grid-cell\" ><div id=\"panel-103-0-0-0\" class=\"so-panel widget widget_sow-editor panel-first-child\" data-index=\"0\" ><div\n\t\t\t\n\t\t\tclass=\"so-widget-sow-editor so-widget-sow-editor-base\"\n\t\t\t\n\t\t><h3 class=\"widget-title\">Sukutauluja<\/h3>\n<div class=\"siteorigin-widget-tinymce textwidget\">\n\t<div class=\"textwidget\">\n<p><strong>Taulu 1<\/strong><br \/><strong>I Jaakko Juhonpoika Kauppila, L\u00f6\u00f6p\u00e4ri, Erkkil\u00e4<\/strong>, v\u00e4vy ja talollinen L\u00f6\u00f6p\u00e4riss\u00e4 1633\u2014, talollinen Haapakosken Erkkil\u00e4ss\u00e4 viim. 1645\u2014, s. (Ruodutus 1638: 29 v) noin 1609 Lapua Kauppila, haudattu 26.4.1696 Lapua.<\/p>\n<p>Puoliso: Vihitty ennen 1633 <strong>Helka Pietarintyt\u00e4r L\u00f6\u00f6p\u00e4ri, Erkkil\u00e4<\/strong>, em\u00e4nt\u00e4, s. noin 1615 Naarasluoma, k. 1695 Lapua, Erkkil\u00e4. Vanhemmat: Pietari Laurinpoika L\u00f6\u00f6p\u00e4ri ja Valpuri Simunantyt\u00e4r Str\u00e5ka.<\/p>\n<p>Lapset:<br \/><strong>Maunu Jaakonpoika<\/strong> s. Naarasluoma, L\u00f6\u00f6p\u00e4ri. <em>Tauluun 2.<\/em><br \/><strong>Valpuri Jaakontyt\u00e4r<\/strong> s. n. 1640 Naarasluoma L\u00f6\u00f6p\u00e4ri. <em>Tauluun 6.<\/em><br \/><strong>Perttu Jaakonpoika<\/strong>. <em>Tauluun 7<\/em>.<br \/><strong>Matti Jaakonpoika<\/strong> s. 1642 Naarasluoma L\u00f6\u00f6p\u00e4ri. <em>Tauluun 8.<\/em><br \/><strong>Sofia Jaakontyt\u00e4r<\/strong>. <em>Tauluun 13.<\/em><\/p>\n<\/div>\n<\/div>\n<\/div><\/div><div id=\"panel-103-0-0-1\" class=\"so-panel widget widget_sow-editor\" data-index=\"1\" ><div\n\t\t\t\n\t\t\tclass=\"so-widget-sow-editor so-widget-sow-editor-base\"\n\t\t\t\n\t\t>\n<div class=\"siteorigin-widget-tinymce textwidget\">\n\t<div id=\"panel-103-0-0-1\" class=\"so-panel widget widget_text\">\n<div class=\"textwidget\">\n<p><strong>Taulu 2<\/strong> (taulusta 1)<\/p>\n<p><strong>II Maunu Jaakonpoika Erkkil\u00e4<\/strong>, s. Naarasluoma, L\u00f6\u00f6p\u00e4ri, haudattu 25.3.1690 Lapua, Erkkil\u00e4.<\/p>\n<p>Lapset:<br \/><strong>Matti Maununpoika<\/strong>. <em>Tauluun 3.<\/em><\/p>\n<\/div>\n<\/div>\n<\/div>\n<\/div><\/div><div id=\"panel-103-0-0-2\" class=\"so-panel widget widget_sow-editor\" data-index=\"2\" ><div\n\t\t\t\n\t\t\tclass=\"so-widget-sow-editor so-widget-sow-editor-base\"\n\t\t\t\n\t\t>\n<div class=\"siteorigin-widget-tinymce textwidget\">\n\t<div id=\"panel-103-0-0-2\" class=\"so-panel widget widget_text\">\n<div class=\"textwidget\">\n<p><strong>Taulu 3<\/strong> (taulusta 2)<\/p>\n<p><strong>III Matti Maununpoika Erkkil\u00e4<\/strong>, k. n. 1698.<\/p>\n<p>Puoliso: Barbro Kallentyt\u00e4r, Erkkil\u00e4, k. e 1700.<\/p>\n<p>Lapset:<br \/><strong>Maria Matintyt\u00e4r<\/strong> s. 7.2.1692 Lapua. <em>Tauluun 4.<\/em><br \/><strong>Vendla Matintyt\u00e4r<\/strong> s. 5.1693 Lapua. <em>Tauluun 5.<\/em><\/p>\n<\/div>\n<\/div>\n<\/div>\n<\/div><\/div><div id=\"panel-103-0-0-3\" class=\"so-panel widget widget_sow-editor\" data-index=\"3\" ><div\n\t\t\t\n\t\t\tclass=\"so-widget-sow-editor so-widget-sow-editor-base\"\n\t\t\t\n\t\t>\n<div class=\"siteorigin-widget-tinymce textwidget\">\n\t<div id=\"panel-103-0-0-3\" class=\"so-panel widget widget_text\">\n<div class=\"textwidget\">\n<p><strong>Taulu 4<\/strong> (taulusta 3)<\/p>\n<p><strong>IV Maria Matintyt\u00e4r Erkkil\u00e4,<\/strong> s. 7.2.1692 Lapua.<\/p>\n<p>Puoliso: Vihitty 14.5.1721 <strong>Lapua Heikki Yrj\u00f6npoika, Erkkil\u00e4<\/strong>, s. 1667, haudattu 17.5.1722 Lapua Erkkil\u00e4.<\/p>\n<\/div>\n<\/div>\n<\/div>\n<\/div><\/div><div id=\"panel-103-0-0-4\" class=\"so-panel widget widget_sow-editor\" data-index=\"4\" ><div\n\t\t\t\n\t\t\tclass=\"so-widget-sow-editor so-widget-sow-editor-base\"\n\t\t\t\n\t\t>\n<div class=\"siteorigin-widget-tinymce textwidget\">\n\t<div id=\"panel-103-0-0-4\" class=\"so-panel widget widget_text\">\n<div class=\"textwidget\">\n<p><strong>Taulu 5<\/strong> (taulusta 3)<\/p>\n<p><strong>IV Vendla Matintyt\u00e4r Erkkil\u00e4<\/strong>, s. 5.1693 Lapua, k. Kauhava, Pukkila(!?).<\/p>\n<p>Puoliso: Vihitty 3.6.1723 Lapua <strong>Martti Martinpoika Erkkil\u00e4<\/strong>, yhti\u00f6mies Lapualla Erkkil\u00e4ss\u00e4 - 1740.<\/p>\n<\/div>\n<\/div>\n<\/div>\n<\/div><\/div><div id=\"panel-103-0-0-5\" class=\"so-panel widget widget_sow-editor\" data-index=\"5\" ><div\n\t\t\t\n\t\t\tclass=\"so-widget-sow-editor so-widget-sow-editor-base\"\n\t\t\t\n\t\t>\n<div class=\"siteorigin-widget-tinymce textwidget\">\n\t<div id=\"panel-103-0-0-5\" class=\"so-panel widget widget_text\">\n<div class=\"textwidget\">\n<p><strong>Taulu 6<\/strong> (taulusta 1)<\/p>\n<p><strong>II Valpuri Jaakontyt\u00e4r Erkkil\u00e4<\/strong>, talon em\u00e4nt\u00e4, s. n. 1640 Naarasluoma, L\u00f6\u00f6p\u00e4ri, k. 24.6.1707 Lapua.<\/p>\n<p>Puoliso: Vihitty Lapua <strong>Jooseppi Heikinpoika Mustap\u00e4\u00e4, Fossi,<\/strong> v\u00e4vy, talollinen Erkkil\u00e4ss\u00e4 1676\u20141692, Fossissa 1697\u20141713, s. kuolini\u00e4n mukaan 1640\u20141641 Kuortane, k. 17.3.1728 Lapua.<\/p>\n<\/div>\n<\/div>\n<\/div>\n<\/div><\/div><div id=\"panel-103-0-0-6\" class=\"so-panel widget widget_sow-editor\" data-index=\"6\" ><div\n\t\t\t\n\t\t\tclass=\"so-widget-sow-editor so-widget-sow-editor-base\"\n\t\t\t\n\t\t>\n<div class=\"siteorigin-widget-tinymce textwidget\">\n\t<div id=\"panel-103-0-0-6\" class=\"so-panel widget widget_text\">\n<div class=\"textwidget\">\n<p><strong>Taulu 7<\/strong> (taulusta 1)<\/p>\n<p><strong>II Perttu Jaakonpoika Erkkil\u00e4<\/strong>,.<\/p>\n<p>Puoliso: <strong>N.N. Sipintyt\u00e4r Keisala<\/strong>, k. n. 1672. Vanhemmat: Sipi Mikinpoika Keisala ja Ursula Filpuntyt\u00e4r.<\/p>\n<p>Lapset:<br \/><strong>Vendla Pertuntyt\u00e4r<\/strong> k. 1696.<\/p>\n<\/div>\n<\/div>\n<\/div>\n<\/div><\/div><div id=\"panel-103-0-0-7\" class=\"so-panel widget widget_sow-editor\" data-index=\"7\" ><div\n\t\t\t\n\t\t\tclass=\"so-widget-sow-editor so-widget-sow-editor-base\"\n\t\t\t\n\t\t>\n<div class=\"siteorigin-widget-tinymce textwidget\">\n\t<div id=\"panel-103-0-0-7\" class=\"so-panel widget widget_text\">\n<div class=\"textwidget\">\n<p><strong>Taulu 8<\/strong> (taulusta 1)<\/p>\n<p><strong>II Matti Jaakonpoika Erkkil\u00e4<\/strong>, talollinen T\u00f6ys\u00e4ss\u00e4 1668, sitten Erkkil\u00e4ss\u00e4 \u20141672, s. 1642 Naarasluoma L\u00f6\u00f6p\u00e4ri, k. 1672.<\/p>\n<p>Puoliso: <strong>Marketta Eskontyt\u00e4r<\/strong>, em\u00e4nt\u00e4, s. 1639 Kuortane.<\/p>\n<p>Lapset:<br \/><strong>Yrj\u00f6 Matinpoika<\/strong> s. 1671 Lapua. <em>Tauluun 9<\/em>.<\/p>\n<\/div>\n<\/div>\n<\/div>\n<\/div><\/div><div id=\"panel-103-0-0-8\" class=\"so-panel widget widget_sow-editor\" data-index=\"8\" ><div\n\t\t\t\n\t\t\tclass=\"so-widget-sow-editor so-widget-sow-editor-base\"\n\t\t\t\n\t\t>\n<div class=\"siteorigin-widget-tinymce textwidget\">\n\t<div id=\"panel-103-0-0-8\" class=\"so-panel widget widget_text\">\n<div class=\"textwidget\">\n<p><strong>Taulu 9<\/strong> (taulusta 8)<\/p>\n<p><strong>III Yrj\u00f6 Matinpoika Erkkil\u00e4<\/strong>, talollinen, s. 1671 Lapua, k. 170- Lapua.<\/p>\n<p>Puoliso: Vihitty 1698 <strong>Inkeri Heikintyt\u00e4r Hyytinen<\/strong>, em\u00e4nt\u00e4, s. 1673, k. 6.10.1707 Lapua.<\/p>\n<p>Lapset:<br \/> <strong>Liisa Yrj\u00f6ntyt\u00e4r<\/strong> s. T\u00e4m\u00e4 Liisa ilm. kuollut, sill\u00e4 samoille vanhemmille syntyi Liisaksi kastettu lapsi. 17.9.1699 Lapua. <em>Tauluun 10<\/em>.<br \/><strong>Martti Yrj\u00f6npoika<\/strong> s. 28.10.1700 Lapua. <em>Tauluun 11<\/em>.<br \/><strong>Liisa Yrj\u00f6ntyt\u00e4r<\/strong> s. 24.2.1701 Lapua. (Ks. Liisa s. 17.9.1699)<br \/><strong>Susanna Yrj\u00f6ntyt\u00e4r<\/strong> s. 21.5.1705 Lapua. <em>Tauluun 12.<\/em><br \/><strong>Matti Yrj\u00f6npoika<\/strong> s. 16.9.1706 Lapua.<\/p>\n<\/div>\n<\/div>\n<\/div>\n<\/div><\/div><div id=\"panel-103-0-0-9\" class=\"so-panel widget widget_sow-editor\" data-index=\"9\" ><div\n\t\t\t\n\t\t\tclass=\"so-widget-sow-editor so-widget-sow-editor-base\"\n\t\t\t\n\t\t>\n<div class=\"siteorigin-widget-tinymce textwidget\">\n\t<div id=\"panel-103-0-0-9\" class=\"so-panel widget widget_text\">\n<div class=\"textwidget\">\n<p><strong>Taulu 10<\/strong> (taulusta 9)<\/p>\n<p><strong>IV Liisa Yrj\u00f6ntyt\u00e4r Erkkil\u00e4, Kero<\/strong>, s. T\u00e4m\u00e4 Liisa ilm. kuollut, sill\u00e4 samoille vanhemmille syntyi Liisaksi kastettu lapsi. 17.9.1699 Lapua. (Eli oikea s.aika olisi 24.2.1701. Papin virhe?)<\/p>\n<p>Puoliso: Vihitty 9.10.1726 Lapua <strong>Juho Juhonpoika Klemettil\u00e4<\/strong>, Kero, s. 4.1700 Lapua, k. Lapua.<\/p>\n<\/div>\n<\/div>\n<\/div>\n<\/div><\/div><div id=\"panel-103-0-0-10\" class=\"so-panel widget widget_sow-editor\" data-index=\"10\" ><div\n\t\t\t\n\t\t\tclass=\"so-widget-sow-editor so-widget-sow-editor-base\"\n\t\t\t\n\t\t>\n<div class=\"siteorigin-widget-tinymce textwidget\">\n\t<div id=\"panel-103-0-0-10\" class=\"so-panel widget widget_text\">\n<div class=\"textwidget\">\n<p><strong>Taulu 11<\/strong> (taulusta 9)<\/p>\n<p><strong>IV Martti Yrj\u00f6npoika Erkkil\u00e4<\/strong>, talollinen Erkkil\u00e4ss\u00e4 1723\u20141762, s. 28.10.1700 Lapua, k. 7.4.1770 Lapua.<\/p>\n<p>Puoliso: Vihitty 27.5.1724 Lapua <strong>Marketta Martintyt\u00e4r Laurila, Erkkil\u00e4<\/strong>, s. 15.12.1707 Lapua, k. 21.10.1778 Lapua. Vanhemmat: Martti Heikinpoika Laurila ja Marketta Jaakontyt\u00e4r Karhu, Laurila.<\/p>\n<\/div>\n<\/div>\n<\/div>\n<\/div><\/div><div id=\"panel-103-0-0-11\" class=\"so-panel widget widget_sow-editor\" data-index=\"11\" ><div\n\t\t\t\n\t\t\tclass=\"so-widget-sow-editor so-widget-sow-editor-base\"\n\t\t\t\n\t\t>\n<div class=\"siteorigin-widget-tinymce textwidget\">\n\t<div id=\"panel-103-0-0-11\" class=\"so-panel widget widget_text\">\n<div class=\"textwidget\">\n<p><strong>Taulu 12<\/strong> (taulusta 9)<\/p>\n<p><strong>IV Susanna Yrj\u00f6ntyt\u00e4r Erkkil\u00e4, Pr\u00e5hl<\/strong>, s. 21.5.1705 Lapua, k. 26.5.1737 H\u00e4rm\u00e4.<\/p>\n<p>Puoliso: Vihitty 28.12.1732 Lapua <strong>Yrj\u00f6 Pietarinpoika Pr\u00e5hl<\/strong>, sotilas nro 150 Ilmajoen komppaniassa, s. 1715? ?Lehm\u00e4joki, k. n. 1758<\/p>\n<\/div>\n<\/div>\n<\/div>\n<\/div><\/div><div id=\"panel-103-0-0-12\" class=\"so-panel widget widget_sow-editor\" data-index=\"12\" ><div\n\t\t\t\n\t\t\tclass=\"so-widget-sow-editor so-widget-sow-editor-base\"\n\t\t\t\n\t\t>\n<div class=\"siteorigin-widget-tinymce textwidget\">\n\t<div id=\"panel-103-0-0-12\" class=\"so-panel widget widget_text\">\n<div class=\"textwidget\">\n<p><strong>Taulu 13<\/strong> (taulusta 1)<\/p>\n<p><strong>II Sofia Jaakontyt\u00e4r Erkkil\u00e4, Harri<\/strong>, k. viim. 1722.<\/p>\n<p>1. puoliso: Vihitty 23.3.1684 Lapua <strong>Antoni(us) Eskilinpoika Stutaeus, Harri,<\/strong> talollinen Lapuan Haapakosken Harrissa 1692\u20141697, haudattu 6.6.1697 Lapua (MP Juuret 2\/2003). Vanhemmat: Eskil Matinpoika Stutaeus ja NN Yrj\u00e4n\u00e4ntyt\u00e4r Makkarus.<\/p>\n<p>2. puoliso: Vihitty 5.11.1699 Lapua <strong>Perttu Eskonpoika Harri,<\/strong> talollinen Harrissa 1701\u20141704, sotilas.<\/p>\n<p>Lapset:<br \/>1. <strong>Maria Antonintyt\u00e4r<\/strong> s. 1685 Lapua. <em>Tauluun 14.<\/em><br \/>1. <strong>Jaakko Antoninpoika<\/strong> s. 1690 Lapua Erkkil\u00e4.<br \/>1. <strong>Kaarina Antonintyt\u00e4r<\/strong> s. 17.11.1692 Lapua, Harri.<br \/>1. <strong>Yrj\u00f6 Antoninpoika<\/strong> s. 11.4.1697 Lapua, Harri, haudattu 6.6.1697 Lapua, Harri.<\/p>\n<\/div>\n<\/div>\n<\/div>\n<\/div><\/div><div id=\"panel-103-0-0-13\" class=\"so-panel widget widget_sow-editor\" data-index=\"13\" ><div\n\t\t\t\n\t\t\tclass=\"so-widget-sow-editor so-widget-sow-editor-base\"\n\t\t\t\n\t\t>\n<div class=\"siteorigin-widget-tinymce textwidget\">\n\t<div id=\"panel-103-0-0-13\" class=\"so-panel widget widget_text\">\n<div class=\"textwidget\">\n<p><strong>Taulu 14<\/strong> (taulusta 13)<\/p>\n<p><strong>III Maria Antonintyt\u00e4r Harri<\/strong>, s. 1685 Lapua, haudattu 11.5.1747 Lapua.<\/p>\n<p>Puoliso: Vihitty 6.1.1705 Lapua <strong>Simo Simonpoika P\u00f6ntinen, Harri<\/strong>, talollinen Harrissa 1705\u20141739, s. 1665 Lapua, k. 1742.<\/p>\n<p>Lapset:<br \/><strong>Matti Simonpoika<\/strong> s. 1707 Lapua Harri.<br \/><strong>Juho Simonpoika<\/strong> s. n. 1710 Lapua, Harri. <em>Tauluun 15<\/em>.<br \/><strong>Marketta Simontyt\u00e4r<\/strong>. <em>Tauluun 16.<\/em><br \/><strong>Liisa Simontyt\u00e4r<\/strong><br \/><strong>Simo Simonpoika<\/strong><br \/><strong>Erkki Simonpoika<\/strong> s. 30.4.1721 Lapua. <em>Tauluun 17<\/em><\/p>\n<\/div>\n<\/div>\n<\/div>\n<\/div><\/div><div id=\"panel-103-0-0-14\" class=\"so-panel widget widget_sow-editor\" data-index=\"14\" ><div\n\t\t\t\n\t\t\tclass=\"so-widget-sow-editor so-widget-sow-editor-base\"\n\t\t\t\n\t\t>\n<div class=\"siteorigin-widget-tinymce textwidget\">\n\t<div id=\"panel-103-0-0-14\" class=\"so-panel widget widget_text\">\n<div class=\"textwidget\">\n<p><strong>Taulu 15<\/strong> (taulusta 14)<\/p>\n<p><strong>IV Juho Simonpoika Harri, Nyman<\/strong>, sotilas, s. n. 1710 Lapua Harri, k. viim. 1744 (Markku Pihlajaniemi: Lapuan talvik. 1744).<\/p>\n<p>Puoliso: Vihitty 26.1.1729 Lapua <strong>Liisa Matintyt\u00e4r Paavola, Nyman<\/strong>, s. 23.9.1706, k. 4.5.1755 Lapua. Vanhemmat: Matti Simonpoika Paavola ja Venla Sipintyt\u00e4r Toppari, Paavola.<\/p>\n<\/div>\n<\/div>\n<\/div>\n<\/div><\/div><div id=\"panel-103-0-0-15\" class=\"so-panel widget widget_sow-editor\" data-index=\"15\" ><div\n\t\t\t\n\t\t\tclass=\"so-widget-sow-editor so-widget-sow-editor-base\"\n\t\t\t\n\t\t>\n<div class=\"siteorigin-widget-tinymce textwidget\">\n\t<div id=\"panel-103-0-0-15\" class=\"so-panel widget widget_text\">\n<div class=\"textwidget\">\n<p><strong>Taulu 16<\/strong> (taulusta 14)<\/p>\n<p><strong>IV Marketta Simontyt\u00e4r Harri.<\/strong><\/p>\n<p>Puoliso: NN, sotamies, k. e 1749.<\/p>\n<\/div>\n<\/div>\n<\/div>\n<\/div><\/div><div id=\"panel-103-0-0-16\" class=\"so-panel widget widget_sow-editor panel-last-child\" data-index=\"16\" ><div\n\t\t\t\n\t\t\tclass=\"so-widget-sow-editor so-widget-sow-editor-base\"\n\t\t\t\n\t\t>\n<div class=\"siteorigin-widget-tinymce textwidget\">\n\t<div id=\"panel-103-0-0-16\" class=\"so-panel widget widget_text panel-last-child\">\n<div class=\"textwidget\">\n<p><strong>Taulu 17<\/strong> (taulusta 14)<\/p>\n<p><strong>IV Erkki Simonpoika Harri<\/strong>, talollinen, s. 30.4.1721 Lapua, k. 25.9.1799 Lapua.<\/p>\n<p>1. puoliso: Vihitty 11.12.1743 Lapua <strong>Kaisa Kustaantyt\u00e4r Kojola, Harri<\/strong>, s. 10.1723 Lapua, k. 10.4.1790 Lapua.<\/p>\n<p>2. puoliso: <strong>Susanna Antintyt\u00e4r<\/strong> , s. 1735.<\/p>\n<\/div>\n<\/div>\n<\/div>\n<\/div><\/div><\/div><\/div><div id=\"pg-103-1\"  class=\"panel-grid panel-no-style\" ><div id=\"pgc-103-1-0\"  class=\"panel-grid-cell\" ><div id=\"panel-103-1-0-0\" class=\"so-panel widget widget_sow-editor panel-first-child panel-last-child\" data-index=\"17\" ><div\n\t\t\t\n\t\t\tclass=\"so-widget-sow-editor so-widget-sow-editor-base\"\n\t\t\t\n\t\t>\n<div class=\"siteorigin-widget-tinymce textwidget\">\n\t<p>Hillevi Tyni 2011. L\u00e4hteet mm. Markku Pihlajaniemi: Juuret 4\/2004<\/p>\n<\/div>\n<\/div><\/div><\/div><\/div><\/div>","protected":false},"excerpt":{"rendered":"<p>Taulu 1I Jaakko Juhonpoika Kauppila, L\u00f6\u00f6p\u00e4ri, Erkkil\u00e4, v\u00e4vy ja talollinen L\u00f6\u00f6p\u00e4riss\u00e4 1633\u2014, talollinen Haapakosken Erkkil\u00e4ss\u00e4 viim. 1645\u2014, s. (Ruodutus 1638: 29 v) noin 1609 Lapua Kauppila, haudattu 26.4.1696 Lapua.Puoliso: Vihitty ennen 1633 Helka Pietarintyt\u00e4r L\u00f6\u00f6p\u00e4ri, Erkkil\u00e4, em\u00e4nt\u00e4, s. noin 1615 Naarasluoma, k. 1695 Lapua, Erkkil\u00e4. Vanhemmat: Pietari Laurinpoika L\u00f6\u00f6p\u00e4ri ja Valpuri Simunantyt\u00e4r Str\u00e5ka.Lapset:Maunu Jaakonpoika s. [&hellip;]<\/p>\n","protected":false},"author":1,"featured_media":0,"parent":0,"menu_order":0,"comment_status":"closed","ping_status":"closed","template":"","meta":{"footnotes":""},"class_list":["post-103","page","type-page","status-publish","hentry"],"_links":{"self":[{"href":"https:\/\/www.erkkilansuku.fi\/index.php\/wp-json\/wp\/v2\/pages\/103","targetHints":{"allow":["GET"]}}],"collection":[{"href":"https:\/\/www.erkkilansuku.fi\/index.php\/wp-json\/wp\/v2\/pages"}],"about":[{"href":"https:\/\/www.erkkilansuku.fi\/index.php\/wp-json\/wp\/v2\/types\/page"}],"author":[{"embeddable":true,"href":"https:\/\/www.erkkilansuku.fi\/index.php\/wp-json\/wp\/v2\/users\/1"}],"replies":[{"embeddable":true,"href":"https:\/\/www.erkkilansuku.fi\/index.php\/wp-json\/wp\/v2\/comments?post=103"}],"version-history":[{"count":11,"href":"https:\/\/www.erkkilansuku.fi\/index.php\/wp-json\/wp\/v2\/pages\/103\/revisions"}],"predecessor-version":[{"id":177,"href":"https:\/\/www.erkkilansuku.fi\/index.php\/wp-json\/wp\/v2\/pages\/103\/revisions\/177"}],"wp:attachment":[{"href":"https:\/\/www.erkkilansuku.fi\/index.php\/wp-json\/wp\/v2\/media?parent=103"}],"curies":[{"name":"wp","href":"https:\/\/api.w.org\/{rel}","templated":true}]}}